{"id":242673,"date":"2020-07-18T15:06:19","date_gmt":"2020-07-18T13:06:19","guid":{"rendered":"https:\/\/ivp.cz\/schutz-personenbezogener-daten\/"},"modified":"2023-05-16T19:11:58","modified_gmt":"2023-05-16T17:11:58","slug":"schutz-personenbezogener-daten","status":"publish","type":"page","link":"https:\/\/ivp.cz\/de\/schutz-personenbezogener-daten\/","title":{"rendered":"Schutz personenbezogener Daten"},"content":{"rendered":"\n<p>COMPANY <b>IVP CZ a.s. <\/b>, mit Sitz in Plze\u0148sk\u00e1 1574 Roztoky, eingetragen in 15799 B, Amtsgericht Prag.  <\/p>\n\n<p>PERSONENBEZOGENE DATEN WERDEN IM EINKLANG MIT DER ALLGEMEINEN DATENSCHUTZVERORDNUNG &#8211; VERORDNUNG (EU) 2016\/679 DES EUROP\u00c4ISCHEN PARLAMENTS UND DES RATES VOM 27. 4. 2016 VERARBEITET PERSONENBEZOGENE DATEN AUF DIESER WEBSITE<\/p>\n\n<p><strong>DIE RECHTE DES NUTZERS IN BEZUG AUF DIE VERARBEITUNG UND DEN SCHUTZ PERSONENBEZOGENER DATEN<\/strong><\/p>\n\n<ul class=\"wp-block-list\">\n<li>AUSKUNFTSRECHT &#8211; DER NUTZER HAT DAS RECHT, VON DEM F\u00dcR DIE VERARBEITUNG VERANTWORTLICHEN AUSKUNFT DAR\u00dcBER ZU VERLANGEN, WELCHE PERSONENBEZOGENEN DATEN DER F\u00dcR DIE VERARBEITUNG VERANTWORTLICHE VERARBEITET.<\/li>\n\n\n\n<li>DAS RECHT AUF AKTUALISIERUNG SEINER PERSONENBEZOGENEN DATEN &#8211; DER NUTZER HAT DAS RECHT, VON DEM F\u00dcR DIE VERARBEITUNG VERANTWORTLICHEN ZUGANG ZU SEINEN PERSONENBEZOGENEN DATEN ZU VERLANGEN UND DIESE ZU AKTUALISIEREN ODER ZU KORRIGIEREN.<\/li>\n\n\n\n<li>DAS RECHT AUF L\u00d6SCHUNG &#8211; DER NUTZER HAT DAS RECHT, VON DEM F\u00dcR DIE VERARBEITUNG VERANTWORTLICHEN DIE L\u00d6SCHUNG PERSONENBEZOGENER DATEN ZU VERLANGEN. DER VERWALTER NIMMT DIE L\u00d6SCHUNG VOR, ES SEI DENN, SIE STEHT IM WIDERSPRUCH ZUM GELTENDEN RECHT UND ZU DEN BERECHTIGTEN INTERESSEN DER GESELLSCHAFT.<\/li>\n\n\n\n<li>DAS RECHT AUF \u00dcBERMITTLUNG PERSONENBEZOGENER DATEN.<\/li>\n<\/ul>\n\n<p>BEI ZWEIFELN AN DER EINHALTUNG DER VERPFLICHTUNGEN IM ZUSAMMENHANG MIT DER VERARBEITUNG PERSONENBEZOGENER DATEN HAT DER NUTZER DAS RECHT, SICH AN DEN F\u00dcR DIE VERARBEITUNG VERANTWORTLICHEN ODER AN DIE DATENSCHUTZBEH\u00d6RDE ZU WENDEN<\/p>\n","protected":false},"excerpt":{"rendered":"<p>COMPANY IVP CZ a.s. , mit Sitz in Plze\u0148sk\u00e1 1574 Roztoky, eingetragen in 15799 B, Amtsgericht Prag. PERSONENBEZOGENE DATEN WERDEN IM EINKLANG MIT DER ALLGEMEINEN DATENSCHUTZVERORDNUNG &#8211; VERORDNUNG (EU) 2016\/679 DES EUROP\u00c4ISCHEN PARLAMENTS UND DES RATES VOM 27. 4. 2016 VERARBEITET PERSONENBEZOGENE DATEN AUF DIESER WEBSITE DIE RECHTE DES NUTZERS IN BEZUG AUF DIE VERARBEITUNG [&hellip;]<\/p>\n","protected":false},"author":1,"featured_media":0,"parent":0,"menu_order":0,"comment_status":"closed","ping_status":"closed","template":"","meta":{"_et_pb_use_builder":"","_et_pb_old_content":"","_et_gb_content_width":"","footnotes":""},"dipi_cpt_category":[],"class_list":["post-242673","page","type-page","status-publish","hentry"],"_links":{"self":[{"href":"https:\/\/ivp.cz\/de\/wp-json\/wp\/v2\/pages\/242673","targetHints":{"allow":["GET"]}}],"collection":[{"href":"https:\/\/ivp.cz\/de\/wp-json\/wp\/v2\/pages"}],"about":[{"href":"https:\/\/ivp.cz\/de\/wp-json\/wp\/v2\/types\/page"}],"author":[{"embeddable":true,"href":"https:\/\/ivp.cz\/de\/wp-json\/wp\/v2\/users\/1"}],"replies":[{"embeddable":true,"href":"https:\/\/ivp.cz\/de\/wp-json\/wp\/v2\/comments?post=242673"}],"version-history":[{"count":1,"href":"https:\/\/ivp.cz\/de\/wp-json\/wp\/v2\/pages\/242673\/revisions"}],"predecessor-version":[{"id":242674,"href":"https:\/\/ivp.cz\/de\/wp-json\/wp\/v2\/pages\/242673\/revisions\/242674"}],"wp:attachment":[{"href":"https:\/\/ivp.cz\/de\/wp-json\/wp\/v2\/media?parent=242673"}],"wp:term":[{"taxonomy":"dipi_cpt_category","embeddable":true,"href":"https:\/\/ivp.cz\/de\/wp-json\/wp\/v2\/dipi_cpt_category?post=242673"}],"curies":[{"name":"wp","href":"https:\/\/api.w.org\/{rel}","templated":true}]}}