{"id":242710,"date":"2020-07-19T09:48:57","date_gmt":"2020-07-19T07:48:57","guid":{"rendered":"https:\/\/ivp.cz\/produktionsprogramm\/"},"modified":"2023-06-09T02:52:54","modified_gmt":"2023-06-09T00:52:54","slug":"produktionsprogramm","status":"publish","type":"page","link":"https:\/\/ivp.cz\/de\/produktionsprogramm\/","title":{"rendered":"Produktionsprogramm"},"content":{"rendered":"<p>[et_pb_section fb_built=&#8220;1&#8243; admin_label=&#8220;Hero&#8220; _builder_version=&#8220;4.16&#8243; use_background_color_gradient=&#8220;on&#8220; background_color_gradient_type=&#8220;circular&#8220; background_color_gradient_direction_radial=&#8220;top left&#8220; background_color_gradient_stops=&#8220;rgba(40,40,40,0.79) 0%|rgba(40,40,40,0.86) 100%&#8220; background_color_gradient_overlays_image=&#8220;on&#8220; background_color_gradient_start=&#8220;rgba(40,40,40,0.79)&#8220; background_color_gradient_end=&#8220;rgba(40,40,40,0.86)&#8220; background_image=&#8220;https:\/\/ivp.cz\/wp-content\/uploads\/2022\/03\/construction-23.jpg&#8220; custom_margin=&#8220;||||false&#8220; custom_padding=&#8220;4vw||4vw||false|false&#8220; locked=&#8220;off&#8220; global_colors_info=&#8220;{}&#8220;][et_pb_row _builder_version=&#8220;4.16&#8243; global_colors_info=&#8220;{}&#8220;][et_pb_column type=&#8220;4_4&#8243; _builder_version=&#8220;4.16&#8243; custom_padding=&#8220;|||&#8220; global_colors_info=&#8220;{}&#8220; custom_padding__hover=&#8220;|||&#8220;][et_pb_text _builder_version=&#8220;4.16&#8243; text_font=&#8220;||||||||&#8220; header_font=&#8220;Rubik|700|||||||&#8220; header_font_size=&#8220;64px&#8220; header_line_height=&#8220;1.1em&#8220; background_layout=&#8220;dark&#8220; max_width=&#8220;800px&#8220; custom_margin=&#8220;||0px|&#8220; custom_padding=&#8220;|||16px&#8220; text_font_size_tablet=&#8220;14px&#8220; text_font_size_last_edited=&#8220;off|desktop&#8220; header_font_size_tablet=&#8220;44px&#8220; header_font_size_phone=&#8220;32px&#8220; header_font_size_last_edited=&#8220;on|phone&#8220; border_color_all=&#8220;#ffb400&#8243; border_width_left=&#8220;10px&#8220; border_color_left=&#8220;#0C71C3&#8243; global_colors_info=&#8220;{}&#8220;]<\/p>\n<h1>Produktionsprogramm<\/h1>\n<p>[\/et_pb_text][et_pb_text _builder_version=&#8220;4.20.4&#8243; text_font=&#8220;||||||||&#8220; text_font_size=&#8220;21px&#8220; text_line_height=&#8220;1.6em&#8220; header_font=&#8220;||||||||&#8220; background_layout=&#8220;dark&#8220; custom_margin=&#8220;|||&#8220; custom_padding=&#8220;20px||20px||true&#8220; text_font_size_tablet=&#8220;17px&#8220; text_font_size_phone=&#8220;16px&#8220; text_font_size_last_edited=&#8220;on|phone&#8220; global_colors_info=&#8220;{}&#8220;]<\/p>\n<p>Durch modernste Ans\u00e4tze im Produktionsprozess und langj\u00e4hrige Erfahrung sorgen sie f\u00fcr minimale Anschaffungskosten der Anlage, lange Lebensdauer und konkurrenzlose Qualit\u00e4t. Dank des breiten Portfolios, der individuellen Herangehensweise und hochwertigen Beratung sind wir in der Lage, die unterschiedlichsten W\u00fcnsche und Anforderungen unserer Kunden zu erf\u00fcllen.<\/p>\n<p>Dank unserer Flexibilit\u00e4t k\u00f6nnen wir schnell auf Kundenw\u00fcnsche reagieren, die am besten geeignete L\u00f6sung vorschlagen und jede Anforderung erf\u00fcllen. Wir sind in der Lage, unsere Anlagen so zu modifizieren, dass sie den Bed\u00fcrfnissen unserer Kunden entsprechen. Selbstverst\u00e4ndlichkeit sind Farbauswahl, Werbeaufkleber und eine gro\u00dfe Auswahl an Zubeh\u00f6r. Und nicht zuletzt auch kurze Lieferzeiten.<\/p>\n<p>[\/et_pb_text][et_pb_button button_url=&#8220;#produkty&#8220; button_text=&#8220;Alle Produkte&#8220; _builder_version=&#8220;4.21.0&#8243; _module_preset=&#8220;default&#8220; custom_button=&#8220;on&#8220; button_text_size=&#8220;15px&#8220; button_bg_color=&#8220;#0f5792&#8243; button_border_width=&#8220;0px&#8220; button_border_radius=&#8220;0px&#8220; button_letter_spacing=&#8220;4px&#8220; button_font=&#8220;Poppins Bold 700|||on|||||&#8220; button_icon=&#8220;&#x35;||divi||400&#8243; background_layout=&#8220;dark&#8220; custom_margin=&#8220;||||false|false&#8220; custom_padding=&#8220;15px|30px|15px|30px|false|false&#8220; hover_enabled=&#8220;0&#8243; global_colors_info=&#8220;{}&#8220; button_bg_color__hover_enabled=&#8220;on|hover&#8220; button_bg_color__hover=&#8220;#004191&#8243; button_bg_enable_color__hover=&#8220;on&#8220; sticky_enabled=&#8220;0&#8243;][\/et_pb_button][\/et_pb_column][\/et_pb_row][\/et_pb_section][et_pb_section fb_built=&#8220;1&#8243; admin_label=&#8220;About Us&#8220; module_id=&#8220;produkty&#8220; _builder_version=&#8220;4.21.0&#8243; custom_padding=&#8220;||0px|||&#8220; hover_enabled=&#8220;0&#8243; global_colors_info=&#8220;{}&#8220; sticky_enabled=&#8220;0&#8243;][et_pb_row column_structure=&#8220;1_3,1_3,1_3&#8243; _builder_version=&#8220;4.16&#8243; global_colors_info=&#8220;{}&#8220;][et_pb_column type=&#8220;1_3&#8243; _builder_version=&#8220;4.16&#8243; custom_padding=&#8220;|||&#8220; global_colors_info=&#8220;{}&#8220; custom_padding__hover=&#8220;|||&#8220;][et_pb_blurb title=&#8220;Umladestation AUTOMATISCH&#8220; url=&#8220;https:\/\/ivp.cz\/de\/project\/umladestation-automatisch\/&#8220; image=&#8220;https:\/\/ivp.cz\/wp-content\/uploads\/2023\/04\/Automaticka-prekladaci-stanice.jpg&#8220; _builder_version=&#8220;4.21.0&#8243; _module_preset=&#8220;default&#8220; header_text_align=&#8220;center&#8220; header_font_size=&#8220;20px&#8220; header_line_height=&#8220;1.7em&#8220; width=&#8220;95%&#8220; module_alignment=&#8220;center&#8220; hover_enabled=&#8220;0&#8243; global_colors_info=&#8220;{}&#8220; width__hover_enabled=&#8220;on|hover&#8220; width__hover=&#8220;100%&#8220; sticky_enabled=&#8220;0&#8243;][\/et_pb_blurb][\/et_pb_column][et_pb_column type=&#8220;1_3&#8243; _builder_version=&#8220;4.16&#8243; custom_padding=&#8220;|||&#8220; global_colors_info=&#8220;{}&#8220; custom_padding__hover=&#8220;|||&#8220;][et_pb_blurb title=&#8220;Umladestation MANUELL&#8220; url=&#8220;https:\/\/ivp.cz\/de\/project\/umladestation-manuell\/&#8220; image=&#8220;https:\/\/ivp.cz\/wp-content\/uploads\/2023\/04\/Manualni-prekladaci-stanice.jpg&#8220; _builder_version=&#8220;4.21.0&#8243; _module_preset=&#8220;default&#8220; header_text_align=&#8220;center&#8220; header_font_size=&#8220;20px&#8220; header_line_height=&#8220;1.7em&#8220; width=&#8220;95%&#8220; module_alignment=&#8220;center&#8220; hover_enabled=&#8220;0&#8243; global_colors_info=&#8220;{}&#8220; width__hover_enabled=&#8220;on|hover&#8220; width__hover=&#8220;100%&#8220; sticky_enabled=&#8220;0&#8243;][\/et_pb_blurb][\/et_pb_column][et_pb_column type=&#8220;1_3&#8243; _builder_version=&#8220;4.16&#8243; custom_padding=&#8220;|||&#8220; global_colors_info=&#8220;{}&#8220; custom_padding__hover=&#8220;|||&#8220;][et_pb_blurb title=&#8220;Mobiler Presscontainer VSK 7,5 \u2013 12&#8243; url=&#8220;https:\/\/ivp.cz\/de\/project\/mobiler-presscontainer-vsk-75-12\/&#8220; image=&#8220;https:\/\/ivp.cz\/wp-content\/uploads\/2023\/04\/Mobilni-lisovaci-kontejnery-objem-5-12-cbm.jpg&#8220; _builder_version=&#8220;4.21.0&#8243; _module_preset=&#8220;default&#8220; header_text_align=&#8220;center&#8220; header_font_size=&#8220;20px&#8220; header_line_height=&#8220;1.7em&#8220; width=&#8220;95%&#8220; module_alignment=&#8220;center&#8220; hover_enabled=&#8220;0&#8243; global_colors_info=&#8220;{}&#8220; width__hover_enabled=&#8220;on|hover&#8220; width__hover=&#8220;100%&#8220; sticky_enabled=&#8220;0&#8243;][\/et_pb_blurb][\/et_pb_column][\/et_pb_row][\/et_pb_section][et_pb_section fb_built=&#8220;1&#8243; admin_label=&#8220;About Us&#8220; module_id=&#8220;Produkte&#8220; _builder_version=&#8220;4.16&#8243; custom_padding=&#8220;0px||0px|||&#8220; global_colors_info=&#8220;{}&#8220;][et_pb_row column_structure=&#8220;1_3,1_3,1_3&#8243; _builder_version=&#8220;4.16&#8243; global_colors_info=&#8220;{}&#8220;][et_pb_column type=&#8220;1_3&#8243; _builder_version=&#8220;4.16&#8243; custom_padding=&#8220;|||&#8220; global_colors_info=&#8220;{}&#8220; custom_padding__hover=&#8220;|||&#8220;][et_pb_blurb title=&#8220;Mobiler Presscontainer VSK 16 &#8211; 24&#8243; url=&#8220;https:\/\/ivp.cz\/de\/project\/mobiler-presscontainer-vsk-16-24\/&#8220; image=&#8220;https:\/\/ivp.cz\/wp-content\/uploads\/2023\/04\/Mobilni-lisovaci-kontejnery-objem-16-24-cbm.jpg&#8220; _builder_version=&#8220;4.21.0&#8243; _module_preset=&#8220;default&#8220; header_text_align=&#8220;center&#8220; header_font_size=&#8220;20px&#8220; header_line_height=&#8220;1.7em&#8220; width=&#8220;95%&#8220; module_alignment=&#8220;center&#8220; hover_enabled=&#8220;0&#8243; global_colors_info=&#8220;{}&#8220; width__hover_enabled=&#8220;on|hover&#8220; width__hover=&#8220;100%&#8220; sticky_enabled=&#8220;0&#8243;][\/et_pb_blurb][\/et_pb_column][et_pb_column type=&#8220;1_3&#8243; _builder_version=&#8220;4.16&#8243; custom_padding=&#8220;|||&#8220; global_colors_info=&#8220;{}&#8220; custom_padding__hover=&#8220;|||&#8220;][et_pb_blurb title=&#8220;Mobiler Presscontainer VSK 16-24 PS&#8220; url=&#8220;https:\/\/ivp.cz\/de\/project\/mobiler-presscontainer-vsk-16-24-ps\/&#8220; image=&#8220;https:\/\/ivp.cz\/wp-content\/uploads\/2023\/04\/Mobilni-lisovaci-kontejnery-objem-16-24-cbm-s-posuvnou-strechou.jpg&#8220; _builder_version=&#8220;4.21.0&#8243; _module_preset=&#8220;default&#8220; header_text_align=&#8220;center&#8220; header_font_size=&#8220;20px&#8220; header_line_height=&#8220;1.7em&#8220; width=&#8220;95%&#8220; module_alignment=&#8220;center&#8220; hover_enabled=&#8220;0&#8243; global_colors_info=&#8220;{}&#8220; width__hover_enabled=&#8220;on|hover&#8220; width__hover=&#8220;100%&#8220; sticky_enabled=&#8220;0&#8243;][\/et_pb_blurb][\/et_pb_column][et_pb_column type=&#8220;1_3&#8243; _builder_version=&#8220;4.16&#8243; custom_padding=&#8220;|||&#8220; global_colors_info=&#8220;{}&#8220; custom_padding__hover=&#8220;|||&#8220;][et_pb_blurb title=&#8220;Station\u00e4re Presse VSP 380&#8243; url=&#8220;https:\/\/ivp.cz\/de\/project\/stationaere-presse-vsp-380\/&#8220; image=&#8220;https:\/\/ivp.cz\/wp-content\/uploads\/2023\/04\/Stacionarni-lis-VSP380.jpg&#8220; _builder_version=&#8220;4.21.0&#8243; _module_preset=&#8220;default&#8220; header_text_align=&#8220;center&#8220; header_font_size=&#8220;20px&#8220; header_line_height=&#8220;1.7em&#8220; width=&#8220;95%&#8220; module_alignment=&#8220;center&#8220; hover_enabled=&#8220;0&#8243; global_colors_info=&#8220;{}&#8220; width__hover_enabled=&#8220;on|hover&#8220; width__hover=&#8220;100%&#8220; sticky_enabled=&#8220;0&#8243;][\/et_pb_blurb][\/et_pb_column][\/et_pb_row][\/et_pb_section][et_pb_section fb_built=&#8220;1&#8243; admin_label=&#8220;About Us&#8220; module_id=&#8220;Produkte&#8220; _builder_version=&#8220;4.16&#8243; custom_padding=&#8220;0px||0px|||&#8220; global_colors_info=&#8220;{}&#8220;][et_pb_row column_structure=&#8220;1_3,1_3,1_3&#8243; _builder_version=&#8220;4.16&#8243; global_colors_info=&#8220;{}&#8220;][et_pb_column type=&#8220;1_3&#8243; _builder_version=&#8220;4.16&#8243; custom_padding=&#8220;|||&#8220; global_colors_info=&#8220;{}&#8220; custom_padding__hover=&#8220;|||&#8220;][et_pb_blurb title=&#8220;Station\u00e4re Presse VSP 380 MAX&#8220; url=&#8220;https:\/\/ivp.cz\/de\/project\/stationaere-presse-vsp-380-max\/&#8220; image=&#8220;https:\/\/ivp.cz\/wp-content\/uploads\/2023\/04\/Stacionarni-lis-VSP-380-MAX.jpg&#8220; _builder_version=&#8220;4.21.0&#8243; _module_preset=&#8220;default&#8220; header_text_align=&#8220;center&#8220; header_font_size=&#8220;20px&#8220; header_line_height=&#8220;1.7em&#8220; width=&#8220;95%&#8220; module_alignment=&#8220;center&#8220; hover_enabled=&#8220;0&#8243; global_colors_info=&#8220;{}&#8220; width__hover_enabled=&#8220;on|hover&#8220; width__hover=&#8220;100%&#8220; sticky_enabled=&#8220;0&#8243;][\/et_pb_blurb][\/et_pb_column][et_pb_column type=&#8220;1_3&#8243; _builder_version=&#8220;4.16&#8243; custom_padding=&#8220;|||&#8220; global_colors_info=&#8220;{}&#8220; custom_padding__hover=&#8220;|||&#8220;][et_pb_blurb title=&#8220;Station\u00e4re Presse VSP 45 &#8220; url=&#8220;https:\/\/ivp.cz\/de\/project\/stationaere-presse-vsp-45\/&#8220; image=&#8220;https:\/\/ivp.cz\/wp-content\/uploads\/2023\/04\/Stacionarni-lis-VSP-45.jpg&#8220; _builder_version=&#8220;4.21.0&#8243; _module_preset=&#8220;default&#8220; header_text_align=&#8220;center&#8220; header_font_size=&#8220;20px&#8220; header_line_height=&#8220;1.7em&#8220; width=&#8220;95%&#8220; module_alignment=&#8220;center&#8220; hover_enabled=&#8220;0&#8243; global_colors_info=&#8220;{}&#8220; width__hover_enabled=&#8220;on|hover&#8220; width__hover=&#8220;100%&#8220; sticky_enabled=&#8220;0&#8243;][\/et_pb_blurb][\/et_pb_column][et_pb_column type=&#8220;1_3&#8243; _builder_version=&#8220;4.16&#8243; custom_padding=&#8220;|||&#8220; global_colors_info=&#8220;{}&#8220; custom_padding__hover=&#8220;|||&#8220;][et_pb_blurb title=&#8220;Station\u00e4re Presse VSP 45 MAXIM &#8220; url=&#8220;https:\/\/ivp.cz\/de\/project\/stationaere-presse-vsp-45-maxim\/&#8220; image=&#8220;https:\/\/ivp.cz\/wp-content\/uploads\/2023\/04\/Stacionarni-lis-VSP-45-MAX.jpg&#8220; _builder_version=&#8220;4.21.0&#8243; _module_preset=&#8220;default&#8220; header_text_align=&#8220;center&#8220; header_font_size=&#8220;20px&#8220; header_line_height=&#8220;1.7em&#8220; width=&#8220;95%&#8220; module_alignment=&#8220;center&#8220; hover_enabled=&#8220;0&#8243; global_colors_info=&#8220;{}&#8220; width__hover_enabled=&#8220;on|hover&#8220; width__hover=&#8220;100%&#8220; sticky_enabled=&#8220;0&#8243;][\/et_pb_blurb][\/et_pb_column][\/et_pb_row][\/et_pb_section][et_pb_section fb_built=&#8220;1&#8243; admin_label=&#8220;About Us&#8220; module_id=&#8220;Produkte&#8220; _builder_version=&#8220;4.16&#8243; custom_padding=&#8220;0px||0px|||&#8220; global_colors_info=&#8220;{}&#8220;][et_pb_row column_structure=&#8220;1_3,1_3,1_3&#8243; _builder_version=&#8220;4.16&#8243; global_colors_info=&#8220;{}&#8220;][et_pb_column type=&#8220;1_3&#8243; _builder_version=&#8220;4.16&#8243; custom_padding=&#8220;|||&#8220; global_colors_info=&#8220;{}&#8220; custom_padding__hover=&#8220;|||&#8220;][et_pb_blurb title=&#8220;Station\u00e4re Presse VSP 45 S&#8220; url=&#8220;https:\/\/ivp.cz\/de\/project\/stationaere-presse-vsp-45-s\/&#8220; image=&#8220;https:\/\/ivp.cz\/wp-content\/uploads\/2023\/04\/Stacionarni-lis-VSP-45-S.jpg&#8220; _builder_version=&#8220;4.21.0&#8243; _module_preset=&#8220;default&#8220; header_text_align=&#8220;center&#8220; header_font_size=&#8220;20px&#8220; header_line_height=&#8220;1.7em&#8220; width=&#8220;95%&#8220; module_alignment=&#8220;center&#8220; hover_enabled=&#8220;0&#8243; global_colors_info=&#8220;{}&#8220; width__hover_enabled=&#8220;on|hover&#8220; width__hover=&#8220;100%&#8220; sticky_enabled=&#8220;0&#8243;][\/et_pb_blurb][\/et_pb_column][et_pb_column type=&#8220;1_3&#8243; _builder_version=&#8220;4.16&#8243; custom_padding=&#8220;|||&#8220; global_colors_info=&#8220;{}&#8220; custom_padding__hover=&#8220;|||&#8220;][et_pb_blurb title=&#8220;Station\u00e4re Presse VSP 70&#8243; url=&#8220;https:\/\/ivp.cz\/de\/project\/stationaere-presse-vsp-70\/&#8220; image=&#8220;https:\/\/ivp.cz\/wp-content\/uploads\/2023\/04\/Stacionarni-lis-VSP-70.jpg&#8220; _builder_version=&#8220;4.21.0&#8243; _module_preset=&#8220;default&#8220; header_text_align=&#8220;center&#8220; header_font_size=&#8220;20px&#8220; header_line_height=&#8220;1.7em&#8220; width=&#8220;95%&#8220; module_alignment=&#8220;center&#8220; hover_enabled=&#8220;0&#8243; global_colors_info=&#8220;{}&#8220; width__hover_enabled=&#8220;on|hover&#8220; width__hover=&#8220;100%&#8220; sticky_enabled=&#8220;0&#8243;][\/et_pb_blurb][\/et_pb_column][et_pb_column type=&#8220;1_3&#8243; _builder_version=&#8220;4.16&#8243; custom_padding=&#8220;|||&#8220; global_colors_info=&#8220;{}&#8220; custom_padding__hover=&#8220;|||&#8220;][et_pb_blurb title=&#8220;Anschlusscontainer VRK&#8220; url=&#8220;https:\/\/ivp.cz\/de\/project\/anschlusscontainer-vrk\/&#8220; image=&#8220;https:\/\/ivp.cz\/wp-content\/uploads\/2023\/04\/Pripojne-kontejnery-VRK-k-stacionarnim-lisum.jpg&#8220; _builder_version=&#8220;4.21.0&#8243; _module_preset=&#8220;default&#8220; header_text_align=&#8220;center&#8220; header_font_size=&#8220;20px&#8220; header_line_height=&#8220;1.7em&#8220; width=&#8220;95%&#8220; module_alignment=&#8220;center&#8220; hover_enabled=&#8220;0&#8243; global_colors_info=&#8220;{}&#8220; width__hover_enabled=&#8220;on|hover&#8220; width__hover=&#8220;100%&#8220; sticky_enabled=&#8220;0&#8243;][\/et_pb_blurb][\/et_pb_column][\/et_pb_row][\/et_pb_section][et_pb_section fb_built=&#8220;1&#8243; admin_label=&#8220;About Us&#8220; module_id=&#8220;Produkte&#8220; _builder_version=&#8220;4.16&#8243; custom_padding=&#8220;0px||0px|||&#8220; global_colors_info=&#8220;{}&#8220;][et_pb_row column_structure=&#8220;1_3,1_3,1_3&#8243; _builder_version=&#8220;4.16&#8243; global_colors_info=&#8220;{}&#8220;][et_pb_column type=&#8220;1_3&#8243; _builder_version=&#8220;4.16&#8243; custom_padding=&#8220;|||&#8220; global_colors_info=&#8220;{}&#8220; custom_padding__hover=&#8220;|||&#8220;][et_pb_blurb title=&#8220;Paketpresse VPL K1 &#8211; K2&#8243; url=&#8220;https:\/\/ivp.cz\/de\/project\/paketpresse-vpl-k1-k2\/&#8220; image=&#8220;https:\/\/ivp.cz\/wp-content\/uploads\/2023\/04\/Paketovaci-lis-VPL-K1-a-VPL-K2.jpg&#8220; _builder_version=&#8220;4.21.0&#8243; _module_preset=&#8220;default&#8220; header_text_align=&#8220;center&#8220; header_font_size=&#8220;20px&#8220; header_line_height=&#8220;1.7em&#8220; width=&#8220;95%&#8220; module_alignment=&#8220;center&#8220; hover_enabled=&#8220;0&#8243; global_colors_info=&#8220;{}&#8220; width__hover_enabled=&#8220;on|hover&#8220; width__hover=&#8220;100%&#8220; sticky_enabled=&#8220;0&#8243;][\/et_pb_blurb][\/et_pb_column][et_pb_column type=&#8220;1_3&#8243; _builder_version=&#8220;4.16&#8243; custom_padding=&#8220;|||&#8220; global_colors_info=&#8220;{}&#8220; custom_padding__hover=&#8220;|||&#8220;][et_pb_blurb title=&#8220;Komplexe L\u00f6sungen und Zubeh\u00f6r&#8220; url=&#8220;https:\/\/ivp.cz\/de\/project\/komplexe-loesungen-und-zubehoer\/&#8220; image=&#8220;https:\/\/ivp.cz\/wp-content\/uploads\/2023\/04\/Komplexni-reseni-a-prislusenstvi.jpg&#8220; _builder_version=&#8220;4.21.0&#8243; _module_preset=&#8220;default&#8220; header_text_align=&#8220;center&#8220; header_font_size=&#8220;20px&#8220; header_line_height=&#8220;1.7em&#8220; width=&#8220;95%&#8220; module_alignment=&#8220;center&#8220; hover_enabled=&#8220;0&#8243; global_colors_info=&#8220;{}&#8220; width__hover_enabled=&#8220;on|hover&#8220; width__hover=&#8220;100%&#8220; sticky_enabled=&#8220;0&#8243;][\/et_pb_blurb][\/et_pb_column][et_pb_column type=&#8220;1_3&#8243; _builder_version=&#8220;4.16&#8243; custom_padding=&#8220;|||&#8220; global_colors_info=&#8220;{}&#8220; custom_padding__hover=&#8220;|||&#8220;][et_pb_blurb title=&#8220;Mobiler Presscontainer VSK VBN&#8220; url=&#8220;https:\/\/ivp.cz\/de\/project\/mobiler-presscontainer-vsk-vbn\/&#8220; image=&#8220;https:\/\/ivp.cz\/wp-content\/uploads\/2023\/04\/Mobilni-lisovaci-kontejner-VSK-20-VBN.jpg&#8220; _builder_version=&#8220;4.21.0&#8243; _module_preset=&#8220;default&#8220; header_text_align=&#8220;center&#8220; header_font_size=&#8220;20px&#8220; header_line_height=&#8220;1.7em&#8220; width=&#8220;95%&#8220; module_alignment=&#8220;center&#8220; hover_enabled=&#8220;0&#8243; global_colors_info=&#8220;{}&#8220; width__hover_enabled=&#8220;on|hover&#8220; width__hover=&#8220;100%&#8220; sticky_enabled=&#8220;0&#8243;][\/et_pb_blurb][\/et_pb_column][\/et_pb_row][\/et_pb_section][et_pb_section fb_built=&#8220;1&#8243; admin_label=&#8220;About Us&#8220; module_id=&#8220;Produkte&#8220; _builder_version=&#8220;4.16&#8243; custom_padding=&#8220;0px||0px|||&#8220; global_colors_info=&#8220;{}&#8220;][et_pb_row column_structure=&#8220;1_3,1_3,1_3&#8243; _builder_version=&#8220;4.16&#8243; global_colors_info=&#8220;{}&#8220;][et_pb_column type=&#8220;1_3&#8243; _builder_version=&#8220;4.16&#8243; custom_padding=&#8220;|||&#8220; global_colors_info=&#8220;{}&#8220; custom_padding__hover=&#8220;|||&#8220;][\/et_pb_column][et_pb_column type=&#8220;1_3&#8243; _builder_version=&#8220;4.16&#8243; custom_padding=&#8220;|||&#8220; global_colors_info=&#8220;{}&#8220; custom_padding__hover=&#8220;|||&#8220;][et_pb_blurb title=&#8220;Universalkipper MNS 80-1100&#8243; url=&#8220;https:\/\/ivp.cz\/de\/project\/universalkipper-mns-80-1100\/&#8220; image=&#8220;https:\/\/ivp.cz\/wp-content\/uploads\/2023\/04\/Univerzalni-vyklapec-MNS-80-1100.jpg&#8220; _builder_version=&#8220;4.21.0&#8243; _module_preset=&#8220;default&#8220; header_text_align=&#8220;center&#8220; header_font_size=&#8220;20px&#8220; header_line_height=&#8220;1.7em&#8220; width=&#8220;95%&#8220; module_alignment=&#8220;center&#8220; hover_enabled=&#8220;0&#8243; global_colors_info=&#8220;{}&#8220; width__hover_enabled=&#8220;on|hover&#8220; width__hover=&#8220;100%&#8220; sticky_enabled=&#8220;0&#8243;][\/et_pb_blurb][\/et_pb_column][et_pb_column type=&#8220;1_3&#8243; _builder_version=&#8220;4.16&#8243; custom_padding=&#8220;|||&#8220; global_colors_info=&#8220;{}&#8220; custom_padding__hover=&#8220;|||&#8220;][\/et_pb_column][\/et_pb_row][\/et_pb_section]<\/p>\n","protected":false},"excerpt":{"rendered":"<p>ProduktionsprogrammDurch modernste Ans\u00e4tze im Produktionsprozess und langj\u00e4hrige Erfahrung sorgen sie f\u00fcr minimale Anschaffungskosten der Anlage, lange Lebensdauer und konkurrenzlose Qualit\u00e4t. Dank des breiten Portfolios, der individuellen Herangehensweise und hochwertigen Beratung sind wir in der Lage, die unterschiedlichsten W\u00fcnsche und Anforderungen unserer Kunden zu erf\u00fcllen. Dank unserer Flexibilit\u00e4t k\u00f6nnen wir schnell auf Kundenw\u00fcnsche reagieren, die am [&hellip;]<\/p>\n","protected":false},"author":1,"featured_media":0,"parent":0,"menu_order":0,"comment_status":"closed","ping_status":"closed","template":"","meta":{"_et_pb_use_builder":"on","_et_pb_old_content":"","_et_gb_content_width":"","footnotes":""},"dipi_cpt_category":[],"class_list":["post-242710","page","type-page","status-publish","hentry"],"_links":{"self":[{"href":"https:\/\/ivp.cz\/de\/wp-json\/wp\/v2\/pages\/242710","targetHints":{"allow":["GET"]}}],"collection":[{"href":"https:\/\/ivp.cz\/de\/wp-json\/wp\/v2\/pages"}],"about":[{"href":"https:\/\/ivp.cz\/de\/wp-json\/wp\/v2\/types\/page"}],"author":[{"embeddable":true,"href":"https:\/\/ivp.cz\/de\/wp-json\/wp\/v2\/users\/1"}],"replies":[{"embeddable":true,"href":"https:\/\/ivp.cz\/de\/wp-json\/wp\/v2\/comments?post=242710"}],"version-history":[{"count":9,"href":"https:\/\/ivp.cz\/de\/wp-json\/wp\/v2\/pages\/242710\/revisions"}],"predecessor-version":[{"id":243154,"href":"https:\/\/ivp.cz\/de\/wp-json\/wp\/v2\/pages\/242710\/revisions\/243154"}],"wp:attachment":[{"href":"https:\/\/ivp.cz\/de\/wp-json\/wp\/v2\/media?parent=242710"}],"wp:term":[{"taxonomy":"dipi_cpt_category","embeddable":true,"href":"https:\/\/ivp.cz\/de\/wp-json\/wp\/v2\/dipi_cpt_category?post=242710"}],"curies":[{"name":"wp","href":"https:\/\/api.w.org\/{rel}","templated":true}]}}