{"id":242744,"date":"2020-07-18T17:42:39","date_gmt":"2020-07-18T15:42:39","guid":{"rendered":"https:\/\/ivp.cz\/dss\/"},"modified":"2023-06-09T02:42:32","modified_gmt":"2023-06-09T00:42:32","slug":"dss","status":"publish","type":"page","link":"https:\/\/ivp.cz\/de\/dss\/","title":{"rendered":"DSS"},"content":{"rendered":"<p>[et_pb_section fb_built=&#8220;1&#8243; admin_label=&#8220;Hero&#8220; _builder_version=&#8220;4.16&#8243; use_background_color_gradient=&#8220;on&#8220; background_color_gradient_type=&#8220;circular&#8220; background_color_gradient_direction_radial=&#8220;top left&#8220; background_color_gradient_stops=&#8220;rgba(40,40,40,0.79) 0%|rgba(40,40,40,0.86) 100%&#8220; background_color_gradient_overlays_image=&#8220;on&#8220; background_color_gradient_start=&#8220;rgba(40,40,40,0.79)&#8220; background_color_gradient_end=&#8220;rgba(40,40,40,0.86)&#8220; background_image=&#8220;https:\/\/ivp.cz\/wp-content\/uploads\/2020\/07\/computer-motherboard-with-cpu-circuit-board-system-PRQALMD-scaled.jpg&#8220; custom_margin=&#8220;||||false&#8220; custom_padding=&#8220;4vw||4vw||true|false&#8220; global_colors_info=&#8220;{}&#8220;][et_pb_row column_structure=&#8220;2_3,1_3&#8243; _builder_version=&#8220;4.16&#8243; global_colors_info=&#8220;{}&#8220;][et_pb_column type=&#8220;2_3&#8243; _builder_version=&#8220;4.16&#8243; custom_padding=&#8220;|||&#8220; global_colors_info=&#8220;{}&#8220; custom_padding__hover=&#8220;|||&#8220;][et_pb_text _builder_version=&#8220;4.21.0&#8243; text_font=&#8220;||||||||&#8220; header_font=&#8220;|700|||||||&#8220; header_font_size=&#8220;64px&#8220; header_line_height=&#8220;1.1em&#8220; background_layout=&#8220;dark&#8220; max_width=&#8220;900px&#8220; custom_margin=&#8220;||0px|&#8220; custom_padding=&#8220;|||16px&#8220; hover_enabled=&#8220;0&#8243; text_font_size_tablet=&#8220;14px&#8220; text_font_size_last_edited=&#8220;off|desktop&#8220; header_font_size_tablet=&#8220;44px&#8220; header_font_size_phone=&#8220;32px&#8220; header_font_size_last_edited=&#8220;on|phone&#8220; border_color_all=&#8220;#0f5792&#8243; border_width_left=&#8220;10px&#8220; global_colors_info=&#8220;{}&#8220; sticky_enabled=&#8220;0&#8243;]<\/p>\n<h1>Fernverwaltungssystem<\/h1>\n<p>[\/et_pb_text][et_pb_text _builder_version=&#8220;4.16&#8243; text_font=&#8220;||||||||&#8220; text_font_size=&#8220;20px&#8220; text_line_height=&#8220;1.6em&#8220; header_font=&#8220;||||||||&#8220; background_layout=&#8220;dark&#8220; max_width=&#8220;800px&#8220; custom_margin=&#8220;|||&#8220; custom_padding=&#8220;20px||20px||true&#8220; text_font_size_tablet=&#8220;18px&#8220; text_font_size_phone=&#8220;&#8220; text_font_size_last_edited=&#8220;on|phone&#8220; global_colors_info=&#8220;{}&#8220;]<\/p>\n<p>IVP CZ a.s. hat ein Fernverwaltungssystem und Technologiekontrolle in Echtzeit. Eine spezielle Kommunikationseinheit sammelt Daten der Technologien. Diese Daten werden auf einen sicheren Server \u00fcbertragen, wo sie weiterverarbeitet und den Benutzern \u00fcber eine Webanwendung angezeigt werden.<\/p>\n<p><span>Dieses System eignet sich f\u00fcr Betreiber einer gro\u00dfen Menge an Technologien (mobile Presscontainer und station\u00e4re Pressen), am h\u00e4ufigsten f\u00fcr die Abfallwirtschaft.<\/span><\/p>\n<p>[\/et_pb_text][\/et_pb_column][et_pb_column type=&#8220;1_3&#8243; _builder_version=&#8220;4.16&#8243; custom_padding=&#8220;|||&#8220; global_colors_info=&#8220;{}&#8220; custom_padding__hover=&#8220;|||&#8220;][\/et_pb_column][\/et_pb_row][\/et_pb_section][et_pb_section fb_built=&#8220;1&#8243; admin_label=&#8220;About Us&#8220; _builder_version=&#8220;4.16&#8243; global_colors_info=&#8220;{}&#8220;][et_pb_row column_structure=&#8220;1_2,1_2&#8243; _builder_version=&#8220;4.16&#8243; global_colors_info=&#8220;{}&#8220;][et_pb_column type=&#8220;1_2&#8243; _builder_version=&#8220;4.16&#8243; custom_padding=&#8220;|||&#8220; global_colors_info=&#8220;{}&#8220; custom_padding__hover=&#8220;|||&#8220;][et_pb_text _builder_version=&#8220;4.16&#8243; text_font=&#8220;||||||||&#8220; header_font=&#8220;||||||||&#8220; header_2_font=&#8220;|700|||||||&#8220; header_2_font_size=&#8220;35px&#8220; header_2_line_height=&#8220;1.2em&#8220; text_orientation=&#8220;center&#8220; module_alignment=&#8220;center&#8220; custom_margin=&#8220;||10px||false|false&#8220; custom_padding=&#8220;|||&#8220; header_2_font_size_tablet=&#8220;&#8220; header_2_font_size_phone=&#8220;36px&#8220; header_2_font_size_last_edited=&#8220;on|phone&#8220; locked=&#8220;off&#8220; global_colors_info=&#8220;{}&#8220;]<\/p>\n<h2 style=\"text-align: left;\">Hauptvorteile des DSS-Systems<\/h2>\n<p>[\/et_pb_text][et_pb_divider divider_position=&#8220;center&#8220; divider_weight=&#8220;5px&#8220; _builder_version=&#8220;4.16&#8243; max_width=&#8220;50px&#8220; module_alignment=&#8220;left&#8220; custom_margin=&#8220;||20px||false|false&#8220; custom_padding=&#8220;||||false|false&#8220; locked=&#8220;off&#8220; global_colors_info=&#8220;{}&#8220;][\/et_pb_divider][et_pb_text _builder_version=&#8220;4.16&#8243; text_font=&#8220;||||||||&#8220; custom_padding=&#8220;|||&#8220; custom_padding_tablet=&#8220;|40px||40px||true&#8220; custom_padding_last_edited=&#8220;off|desktop&#8220; global_colors_info=&#8220;{}&#8220;]<\/p>\n<div class=\"elementor-element elementor-element-5d226d5 elementor-widget elementor-widget-text-editor\" data-id=\"5d226d5\" data-element_type=\"widget\" data-widget_type=\"text-editor.default\">\n<div class=\"elementor-widget-container\">\n<div class=\"elementor-text-editor elementor-clearfix\">\n<ul>\n<li>Reduzierung der Abfalltransportkosten (der Container wird immer nach technologischen M\u00f6glichkeiten bef\u00fcllt)<\/li>\n<li>Vereinfachte Transportplanung dank maschineller Lerntechnologie<\/li>\n<li>Reduzierung der Servicekosten dank der Erfassung von Wartungen und Revisionen in der Anlagenkarte<\/li>\n<li>Reduzierung unn\u00f6tiger Serviceeingriffe und nicht funktionierender Technologie durch Bedienfehler<\/li>\n<li>Genauer \u00dcberblick \u00fcber die Position der Anlage und den gesamten technischen Zustand der Anlage<\/li>\n<li>Kompatibilit\u00e4t mit jeder \u00e4hnlichen Abfallsammelanlage<\/li>\n<\/ul>\n<p>&nbsp;<\/p>\n<\/div>\n<\/div>\n<\/div>\n<div class=\"elementor-element elementor-element-1ac4edc elementor-widget elementor-widget-text-editor\" data-id=\"1ac4edc\" data-element_type=\"widget\" data-widget_type=\"text-editor.default\">\n<div class=\"elementor-widget-container\">\n<div class=\"elementor-text-editor elementor-clearfix\">\n<h3><strong>Beispiel der angezeigten Daten<\/strong><\/h3>\n<ul>\n<li>F\u00fcllstand der Anlage<\/li>\n<li>Standort<\/li>\n<li>St\u00f6rungszust\u00e4nde<\/li>\n<li>Aktueller Status<\/li>\n<li>Absch\u00e4tzung der n\u00e4chsten F\u00fcllung (auf der Grundlage der maschinellen Lerntechnologie)<\/li>\n<\/ul>\n<\/div>\n<\/div>\n<\/div>\n<p>[\/et_pb_text][\/et_pb_column][et_pb_column type=&#8220;1_2&#8243; _builder_version=&#8220;4.16&#8243; custom_padding=&#8220;||||false|false&#8220; global_colors_info=&#8220;{}&#8220; custom_padding__hover=&#8220;|||&#8220;][et_pb_image src=&#8220;https:\/\/ivp.cz\/wp-content\/uploads\/2020\/07\/a-row-of-green-circuit-board-P7KUAYA-1-scaled-e1647480957398.jpg&#8220; title_text=&#8220;a row of green circuit board&#8220; _builder_version=&#8220;4.16&#8243; _module_preset=&#8220;default&#8220; max_width=&#8220;95%&#8220; global_colors_info=&#8220;{}&#8220;][\/et_pb_image][\/et_pb_column][\/et_pb_row][et_pb_row _builder_version=&#8220;4.16&#8243; _module_preset=&#8220;default&#8220; global_colors_info=&#8220;{}&#8220;][et_pb_column type=&#8220;4_4&#8243; _builder_version=&#8220;4.16&#8243; _module_preset=&#8220;default&#8220; global_colors_info=&#8220;{}&#8220;][et_pb_image src=&#8220;https:\/\/ivp.cz\/wp-content\/uploads\/2023\/03\/dss.png&#8220; title_text=&#8220;dss&#8220; _builder_version=&#8220;4.20.2&#8243; _module_preset=&#8220;default&#8220; box_shadow_style=&#8220;preset1&#8243; global_colors_info=&#8220;{}&#8220;][\/et_pb_image][\/et_pb_column][\/et_pb_row][\/et_pb_section]<\/p>\n","protected":false},"excerpt":{"rendered":"<p>FernverwaltungssystemIVP CZ a.s. hat ein Fernverwaltungssystem und Technologiekontrolle in Echtzeit. Eine spezielle Kommunikationseinheit sammelt Daten der Technologien. Diese Daten werden auf einen sicheren Server \u00fcbertragen, wo sie weiterverarbeitet und den Benutzern \u00fcber eine Webanwendung angezeigt werden. Dieses System eignet sich f\u00fcr Betreiber einer gro\u00dfen Menge an Technologien (mobile Presscontainer und station\u00e4re Pressen), am h\u00e4ufigsten f\u00fcr [&hellip;]<\/p>\n","protected":false},"author":1,"featured_media":0,"parent":0,"menu_order":0,"comment_status":"closed","ping_status":"closed","template":"","meta":{"_et_pb_use_builder":"on","_et_pb_old_content":"","_et_gb_content_width":"","footnotes":""},"dipi_cpt_category":[],"class_list":["post-242744","page","type-page","status-publish","hentry"],"_links":{"self":[{"href":"https:\/\/ivp.cz\/de\/wp-json\/wp\/v2\/pages\/242744","targetHints":{"allow":["GET"]}}],"collection":[{"href":"https:\/\/ivp.cz\/de\/wp-json\/wp\/v2\/pages"}],"about":[{"href":"https:\/\/ivp.cz\/de\/wp-json\/wp\/v2\/types\/page"}],"author":[{"embeddable":true,"href":"https:\/\/ivp.cz\/de\/wp-json\/wp\/v2\/users\/1"}],"replies":[{"embeddable":true,"href":"https:\/\/ivp.cz\/de\/wp-json\/wp\/v2\/comments?post=242744"}],"version-history":[{"count":2,"href":"https:\/\/ivp.cz\/de\/wp-json\/wp\/v2\/pages\/242744\/revisions"}],"predecessor-version":[{"id":243148,"href":"https:\/\/ivp.cz\/de\/wp-json\/wp\/v2\/pages\/242744\/revisions\/243148"}],"wp:attachment":[{"href":"https:\/\/ivp.cz\/de\/wp-json\/wp\/v2\/media?parent=242744"}],"wp:term":[{"taxonomy":"dipi_cpt_category","embeddable":true,"href":"https:\/\/ivp.cz\/de\/wp-json\/wp\/v2\/dipi_cpt_category?post=242744"}],"curies":[{"name":"wp","href":"https:\/\/api.w.org\/{rel}","templated":true}]}}