{"id":242753,"date":"2018-07-17T20:41:26","date_gmt":"2018-07-17T18:41:26","guid":{"rendered":"https:\/\/ivp.cz\/kontakt\/"},"modified":"2023-05-31T02:41:37","modified_gmt":"2023-05-31T00:41:37","slug":"kontakt","status":"publish","type":"page","link":"https:\/\/ivp.cz\/de\/kontakt\/","title":{"rendered":"Kontakt"},"content":{"rendered":"<p>[et_pb_section fb_built=&#8220;1&#8243; admin_label=&#8220;Hero&#8220; _builder_version=&#8220;4.16&#8243; use_background_color_gradient=&#8220;on&#8220; background_color_gradient_type=&#8220;circular&#8220; background_color_gradient_direction_radial=&#8220;top left&#8220; background_color_gradient_stops=&#8220;rgba(40,40,40,0.79) 0%|rgba(40,40,40,0.86) 100%&#8220; background_color_gradient_overlays_image=&#8220;on&#8220; background_color_gradient_start=&#8220;rgba(40,40,40,0.79)&#8220; background_color_gradient_end=&#8220;rgba(40,40,40,0.86)&#8220; background_image=&#8220;https:\/\/ivp.cz\/wp-content\/uploads\/2022\/03\/kontakt-bck.jpg&#8220; custom_padding=&#8220;0px||0px||true|false&#8220; global_colors_info=&#8220;{}&#8220;][et_pb_row column_structure=&#8220;3_5,2_5&#8243; use_custom_gutter=&#8220;on&#8220; padding_top_bottom_link_1=&#8220;true&#8220; padding_top_bottom_link_2=&#8220;true&#8220; padding_left_right_link_1=&#8220;true&#8220; padding_left_right_link_2=&#8220;true&#8220; _builder_version=&#8220;4.16&#8243; custom_padding=&#8220;0px||0px||true&#8220; use_custom_width=&#8220;on&#8220; width_unit=&#8220;off&#8220; custom_width_percent=&#8220;100%&#8220; global_colors_info=&#8220;{}&#8220;][et_pb_column type=&#8220;3_5&#8243; _builder_version=&#8220;4.16&#8243; background_color_gradient_start=&#8220;rgba(40,40,40,0.79)&#8220; background_color_gradient_end=&#8220;rgba(40,40,40,0.86)&#8220; custom_padding=&#8220;3vw||3vw||false|false&#8220; custom_padding_tablet=&#8220;10vw|10%|10vw|10%|true|true&#8220; custom_padding_phone=&#8220;10vw|10%|10vw|10%|true|true&#8220; custom_padding_last_edited=&#8220;on|desktop&#8220; global_colors_info=&#8220;{}&#8220; padding_tablet=&#8220;10vw|10%|10vw|10%|true|true&#8220; padding_last_edited=&#8220;on|desktop&#8220; custom_padding__hover=&#8220;|||&#8220; padding_phone=&#8220;10vw|10%|10vw|10%|true|true&#8220;][et_pb_text _builder_version=&#8220;4.16&#8243; text_font=&#8220;||||||||&#8220; header_font=&#8220;Rubik|700|||||||&#8220; header_font_size=&#8220;64px&#8220; header_line_height=&#8220;1.1em&#8220; background_layout=&#8220;dark&#8220; max_width=&#8220;800px&#8220; custom_margin=&#8220;||0px|&#8220; custom_padding=&#8220;|||16px&#8220; text_font_size_tablet=&#8220;14px&#8220; text_font_size_last_edited=&#8220;off|desktop&#8220; header_font_size_tablet=&#8220;44px&#8220; header_font_size_phone=&#8220;32px&#8220; header_font_size_last_edited=&#8220;on|phone&#8220; border_color_all=&#8220;#0f5792&#8243; border_width_left=&#8220;10px&#8220; global_colors_info=&#8220;{}&#8220;]<\/p>\n<h1>Schreiben Sie uns<\/h1>\n<p>[\/et_pb_text][et_pb_contact_form _builder_version=&#8220;4.21.0&#8243; _module_preset=&#8220;default&#8220; _unique_id=&#8220;3e62440b-bbb9-450a-b416-bae6a14359d4&#8243; captcha_text_color=&#8220;#FFFFFF&#8220; captcha_font_size=&#8220;17px&#8220; captcha_letter_spacing=&#8220;1px&#8220; custom_button=&#8220;on&#8220; button_text_size=&#8220;20px&#8220; button_text_color=&#8220;#FFFFFF&#8220; button_bg_color=&#8220;#0f5792&#8243; custom_margin=&#8220;50px||||false|false&#8220; hover_enabled=&#8220;0&#8243; global_colors_info=&#8220;{}&#8220; email=&#8220;jan.vasicek@ivp.cz&#8220; success_message=&#8220;Ihre Nachricht wurde erfolgreich versendet.&#8220; custom_message=&#8220;Zpr\u00e1va odesl\u00e1na ze str\u00e1nky: DE KONTAKT||et_pb_line_break_holder||Jm\u00e9no: %%Name%%||et_pb_line_break_holder||Telefon: %%Telefon%%||et_pb_line_break_holder||Email: %%Email%%||et_pb_line_break_holder||||et_pb_line_break_holder||P\u0159edm\u011bt: %%P\u0159edm\u011bt%%||et_pb_line_break_holder||Zpr\u00e1va: %%Message%%||et_pb_line_break_holder||&#8220; sticky_enabled=&#8220;0&#8243;][et_pb_contact_field field_id=&#8220;Name&#8220; field_title=&#8220;Name&#8220; required_mark=&#8220;off&#8220; _builder_version=&#8220;4.16&#8243; global_colors_info=&#8220;{}&#8220; button_text_size__hover_enabled=&#8220;off&#8220; button_one_text_size__hover_enabled=&#8220;off&#8220; button_two_text_size__hover_enabled=&#8220;off&#8220; button_text_color__hover_enabled=&#8220;off&#8220; button_one_text_color__hover_enabled=&#8220;off&#8220; button_two_text_color__hover_enabled=&#8220;off&#8220; button_border_width__hover_enabled=&#8220;off&#8220; button_one_border_width__hover_enabled=&#8220;off&#8220; button_two_border_width__hover_enabled=&#8220;off&#8220; button_border_color__hover_enabled=&#8220;off&#8220; button_one_border_color__hover_enabled=&#8220;off&#8220; button_two_border_color__hover_enabled=&#8220;off&#8220; button_border_radius__hover_enabled=&#8220;off&#8220; button_one_border_radius__hover_enabled=&#8220;off&#8220; button_two_border_radius__hover_enabled=&#8220;off&#8220; button_letter_spacing__hover_enabled=&#8220;off&#8220; button_one_letter_spacing__hover_enabled=&#8220;off&#8220; button_two_letter_spacing__hover_enabled=&#8220;off&#8220; button_bg_color__hover_enabled=&#8220;off&#8220; button_one_bg_color__hover_enabled=&#8220;off&#8220; button_two_bg_color__hover_enabled=&#8220;off&#8220;][\/et_pb_contact_field][et_pb_contact_field field_id=&#8220;Telefon&#8220; field_title=&#8220;Telefon&#8220; required_mark=&#8220;off&#8220; _builder_version=&#8220;4.21.0&#8243; _module_preset=&#8220;default&#8220; hover_enabled=&#8220;0&#8243; global_colors_info=&#8220;{}&#8220; min_length=&#8220;9&#8243; max_length=&#8220;15&#8243; allowed_symbols=&#8220;numbers&#8220; sticky_enabled=&#8220;0&#8243;][\/et_pb_contact_field][et_pb_contact_field field_id=&#8220;Email&#8220; field_title=&#8220;E-Mail*&#8220; field_type=&#8220;email&#8220; _builder_version=&#8220;4.16&#8243; global_colors_info=&#8220;{}&#8220; button_text_size__hover_enabled=&#8220;off&#8220; button_one_text_size__hover_enabled=&#8220;off&#8220; button_two_text_size__hover_enabled=&#8220;off&#8220; button_text_color__hover_enabled=&#8220;off&#8220; button_one_text_color__hover_enabled=&#8220;off&#8220; button_two_text_color__hover_enabled=&#8220;off&#8220; button_border_width__hover_enabled=&#8220;off&#8220; button_one_border_width__hover_enabled=&#8220;off&#8220; button_two_border_width__hover_enabled=&#8220;off&#8220; button_border_color__hover_enabled=&#8220;off&#8220; button_one_border_color__hover_enabled=&#8220;off&#8220; button_two_border_color__hover_enabled=&#8220;off&#8220; button_border_radius__hover_enabled=&#8220;off&#8220; button_one_border_radius__hover_enabled=&#8220;off&#8220; button_two_border_radius__hover_enabled=&#8220;off&#8220; button_letter_spacing__hover_enabled=&#8220;off&#8220; button_one_letter_spacing__hover_enabled=&#8220;off&#8220; button_two_letter_spacing__hover_enabled=&#8220;off&#8220; button_bg_color__hover_enabled=&#8220;off&#8220; button_one_bg_color__hover_enabled=&#8220;off&#8220; button_two_bg_color__hover_enabled=&#8220;off&#8220;][\/et_pb_contact_field][et_pb_contact_field field_id=&#8220;P\u0159edm\u011bt&#8220; field_title=&#8220;Thema&#8220; required_mark=&#8220;off&#8220; _builder_version=&#8220;4.16&#8243; _module_preset=&#8220;default&#8220; global_colors_info=&#8220;{}&#8220;][\/et_pb_contact_field][et_pb_contact_field field_id=&#8220;Message&#8220; field_title=&#8220;Bericht*&#8220; field_type=&#8220;text&#8220; fullwidth_field=&#8220;on&#8220; _builder_version=&#8220;4.16&#8243; global_colors_info=&#8220;{}&#8220; button_text_size__hover_enabled=&#8220;off&#8220; button_one_text_size__hover_enabled=&#8220;off&#8220; button_two_text_size__hover_enabled=&#8220;off&#8220; button_text_color__hover_enabled=&#8220;off&#8220; button_one_text_color__hover_enabled=&#8220;off&#8220; button_two_text_color__hover_enabled=&#8220;off&#8220; button_border_width__hover_enabled=&#8220;off&#8220; button_one_border_width__hover_enabled=&#8220;off&#8220; button_two_border_width__hover_enabled=&#8220;off&#8220; button_border_color__hover_enabled=&#8220;off&#8220; button_one_border_color__hover_enabled=&#8220;off&#8220; button_two_border_color__hover_enabled=&#8220;off&#8220; button_border_radius__hover_enabled=&#8220;off&#8220; button_one_border_radius__hover_enabled=&#8220;off&#8220; button_two_border_radius__hover_enabled=&#8220;off&#8220; button_letter_spacing__hover_enabled=&#8220;off&#8220; button_one_letter_spacing__hover_enabled=&#8220;off&#8220; button_two_letter_spacing__hover_enabled=&#8220;off&#8220; button_bg_color__hover_enabled=&#8220;off&#8220; button_one_bg_color__hover_enabled=&#8220;off&#8220; button_two_bg_color__hover_enabled=&#8220;off&#8220;][\/et_pb_contact_field][\/et_pb_contact_form][\/et_pb_column][et_pb_column type=&#8220;2_5&#8243; _builder_version=&#8220;4.16&#8243; background_color=&#8220;#0f5792&#8243; custom_padding=&#8220;80px|40px|80px|40px&#8220; custom_padding_tablet=&#8220;|10%||10%||true&#8220; custom_padding_phone=&#8220;|10%||10%||true&#8220; custom_padding_last_edited=&#8220;on|desktop&#8220; global_colors_info=&#8220;{}&#8220; padding_tablet=&#8220;|10%||10%||true&#8220; padding_last_edited=&#8220;on|desktop&#8220; custom_padding__hover=&#8220;|||&#8220; padding_phone=&#8220;|10%||10%||true&#8220;][et_pb_text _builder_version=&#8220;4.16&#8243; header_font=&#8220;||||||||&#8220; header_2_font=&#8220;Poppins Medium 500|700|||||||&#8220; header_2_text_color=&#8220;#FFFFFF&#8220; header_2_font_size=&#8220;32px&#8220; header_2_line_height=&#8220;1.2em&#8220; custom_margin=&#8220;|||&#8220; custom_padding=&#8220;|||&#8220; header_2_font_size_last_edited=&#8220;off|desktop&#8220; global_colors_info=&#8220;{}&#8220;]<\/p>\n<h2>Kontaktinformationen<\/h2>\n<p>[\/et_pb_text][et_pb_blurb title=&#8220;Kontakt&#8220; use_icon=&#8220;on&#8220; font_icon=&#8220;&#xe00b;||divi||400&#8243; icon_color=&#8220;#ffffff&#8220; icon_placement=&#8220;left&#8220; image_icon_width=&#8220;56px&#8220; content_max_width=&#8220;1100px&#8220; content_max_width_tablet=&#8220;1100px&#8220; content_max_width_last_edited=&#8220;off|desktop&#8220; _builder_version=&#8220;4.16&#8243; header_font=&#8220;|700|||||||&#8220; header_text_color=&#8220;#FFFFFF&#8220; header_line_height=&#8220;1.4em&#8220; body_font=&#8220;||||||||&#8220; body_font_size=&#8220;15px&#8220; body_link_text_color=&#8220;#FFFFFF&#8220; background_layout=&#8220;dark&#8220; custom_margin=&#8220;|||&#8220; custom_padding=&#8220;|||&#8220; animation_direction=&#8220;right&#8220; animation=&#8220;off&#8220; icon_font_size=&#8220;56px&#8220; global_colors_info=&#8220;{}&#8220;]<\/p>\n<p><span><strong>Jan Va\u0161\u00ed\u010dek <\/strong> <br \/><\/span><span><a href=\"mailto:jan.vasicek@ivp.cz\">jan.vasicek@ivp.cz<\/a> <br \/> <a href=\"tel:+420739053234\">+420 739 053 234<\/a><\/span><\/p>\n<p>[\/et_pb_blurb][et_pb_blurb title=&#8220;Serviceabteilung&#8220; use_icon=&#8220;on&#8220; font_icon=&#8220;&#xe036;||divi||400&#8243; icon_color=&#8220;#ffffff&#8220; icon_placement=&#8220;left&#8220; image_icon_width=&#8220;56px&#8220; content_max_width=&#8220;1100px&#8220; content_max_width_tablet=&#8220;1100px&#8220; content_max_width_last_edited=&#8220;off|desktop&#8220; _builder_version=&#8220;4.16&#8243; header_font=&#8220;|700|||||||&#8220; header_text_color=&#8220;#FFFFFF&#8220; header_line_height=&#8220;1.4em&#8220; body_font=&#8220;||||||||&#8220; body_font_size=&#8220;15px&#8220; body_link_text_color=&#8220;#FFFFFF&#8220; background_layout=&#8220;dark&#8220; custom_margin=&#8220;|||&#8220; custom_padding=&#8220;|||&#8220; animation_direction=&#8220;right&#8220; animation=&#8220;off&#8220; icon_font_size=&#8220;56px&#8220; global_colors_info=&#8220;{}&#8220;]<\/p>\n<p><span><strong>Vladim\u00edr Longinov <\/strong><br \/><a href=\"mailto:servis@ivp.cz\">servis@ivp.cz<\/a><br \/><a href=\"tel:+420732510900\">+420 732 510 900<\/a><br \/><\/span><span><\/span><\/p>\n<p>[\/et_pb_blurb][et_pb_blurb title=&#8220;Firmensitz IVP CZ a.s.&#8220; use_icon=&#8220;on&#8220; font_icon=&#8220;&#xe01d;||divi||400&#8243; icon_color=&#8220;#ffffff&#8220; icon_placement=&#8220;left&#8220; image_icon_width=&#8220;56px&#8220; content_max_width=&#8220;1100px&#8220; content_max_width_tablet=&#8220;1100px&#8220; content_max_width_last_edited=&#8220;off|desktop&#8220; _builder_version=&#8220;4.16&#8243; header_font=&#8220;|700|||||||&#8220; header_text_color=&#8220;#FFFFFF&#8220; header_line_height=&#8220;1.4em&#8220; body_font=&#8220;||||||||&#8220; body_font_size=&#8220;15px&#8220; background_layout=&#8220;dark&#8220; custom_margin=&#8220;|||&#8220; custom_padding=&#8220;|||&#8220; animation_direction=&#8220;right&#8220; animation=&#8220;off&#8220; icon_font_size=&#8220;56px&#8220; global_colors_info=&#8220;{}&#8220;]<\/p>\n<p><span>Plze\u0148sk\u00e1 1574<br \/>252 63, Roztoky<\/span><\/p>\n<p>[\/et_pb_blurb][\/et_pb_column][\/et_pb_row][\/et_pb_section][et_pb_section fb_built=&#8220;1&#8243; admin_label=&#8220;FAQ&#8220; _builder_version=&#8220;4.16&#8243; background_color=&#8220;#f7f7f7&#8243; global_colors_info=&#8220;{}&#8220;][et_pb_row column_structure=&#8220;1_2,1_2&#8243; _builder_version=&#8220;4.16&#8243; global_colors_info=&#8220;{}&#8220;][et_pb_column type=&#8220;1_2&#8243; _builder_version=&#8220;4.16&#8243; custom_padding=&#8220;|||&#8220; global_colors_info=&#8220;{}&#8220; custom_padding__hover=&#8220;|||&#8220;][et_pb_text _builder_version=&#8220;4.16&#8243; text_font=&#8220;||||||||&#8220; header_font=&#8220;||||||||&#8220; header_2_font=&#8220;Rubik|700|||||||&#8220; header_2_font_size=&#8220;42px&#8220; header_2_line_height=&#8220;1.2em&#8220; custom_margin=&#8220;|||&#8220; custom_padding=&#8220;|||&#8220; header_2_font_size_tablet=&#8220;&#8220; header_2_font_size_phone=&#8220;36px&#8220; header_2_font_size_last_edited=&#8220;on|phone&#8220; locked=&#8220;off&#8220; global_colors_info=&#8220;{}&#8220;]<\/p>\n<h2>FAQ<\/h2>\n<p>[\/et_pb_text][et_pb_accordion closed_toggle_text_color=&#8220;#2a2a2a&#8220; closed_toggle_background_color=&#8220;#ffffff&#8220; icon_color=&#8220;#0f5792&#8243; use_icon_font_size=&#8220;on&#8220; icon_font_size=&#8220;25px&#8220; _builder_version=&#8220;4.16&#8243; toggle_font=&#8220;|700|||||||&#8220; toggle_font_size=&#8220;16px&#8220; toggle_line_height=&#8220;1.4em&#8220; body_font=&#8220;||||||||&#8220; body_font_size=&#8220;15px&#8220; custom_margin=&#8220;|||&#8220; custom_padding=&#8220;|||&#8220; border_width_all=&#8220;0px&#8220; global_colors_info=&#8220;{}&#8220;][et_pb_accordion_item title=&#8220;Womit k\u00f6nnen wir Ihnen helfen?&#8220; _builder_version=&#8220;4.16&#8243; custom_margin=&#8220;1px||1px||true&#8220; global_colors_info=&#8220;{}&#8220; open=&#8220;on&#8220;]<\/p>\n<p>Auswahl der Technologie zum Pressen und dem Transport von Abfall. Ihre Eingliederung in die Abfallwirtschaft.<\/p>\n<p>[\/et_pb_accordion_item][et_pb_accordion_item title=&#8220;Welche Produkte stellen Sie her?&#8220; _builder_version=&#8220;4.16&#8243; custom_margin=&#8220;1px||1px||true&#8220; global_colors_info=&#8220;{}&#8220; open=&#8220;off&#8220;]<\/p>\n<p>Mobile Presscontainer, station\u00e4re Abfallpressen, Ballenpressen, Container f\u00fcr station\u00e4re Pressen und eine gro\u00dfe Auswahl an Zubeh\u00f6r. <\/p>\n<p>Abfallumladestationen und Sortieranlagen. <\/p>\n<p>[\/et_pb_accordion_item][et_pb_accordion_item title=&#8220;Passen Sie Produkte an die Kundenw\u00fcnsche an?&#8220; _builder_version=&#8220;4.16&#8243; custom_margin=&#8220;1px||1px||true&#8220; global_colors_info=&#8220;{}&#8220; open=&#8220;off&#8220;]<\/p>\n<p>Jedes Produkt kann exakt an die Anforderungen des Kunden angepasst und mit verschiedenen Arten von Zubeh\u00f6r ausgestattet werden. Gleichzeitig empfehlen wir entsprechende Modifikationen und Zubeh\u00f6r, um maximale Effizienz bei gleichzeitig g\u00fcnstigerem Preis zu erreichen. <\/p>\n<p>[\/et_pb_accordion_item][et_pb_accordion_item title=&#8220;Wie funktioniert die Zusammenarbeit?&#8220; _builder_version=&#8220;4.16&#8243; custom_margin=&#8220;1px||1px||true&#8220; global_colors_info=&#8220;{}&#8220; open=&#8220;off&#8220;]<\/p>\n<p>Wir sch\u00e4tzen jeden Kunden und versuchen, alle Anforderungen so weit wie m\u00f6glich zu erf\u00fcllen. Gleichzeitig streben wir stets eine langfristige Zusammenarbeit an, damit unsere Kunden gerne wiederkommen.<\/p>\n<p>[\/et_pb_accordion_item][et_pb_accordion_item title=&#8220;Was sind Ihre Vorteile?&#8220; open=&#8220;off&#8220; _builder_version=&#8220;4.16&#8243; custom_margin=&#8220;1px||1px||true&#8220; global_colors_info=&#8220;{}&#8220;]<\/p>\n<p>Konkurrenzlose Qualit\u00e4t, schnelle Lieferung, Service f\u00fcr Abfallzentren und langj\u00e4hrige Erfahrungen. Wir stellen alle unsere Produkte in unserer eigenen Produktionsst\u00e4tte her. Bei uns m\u00fcssen Sie nicht Monate auf eine Begutachtung der Garantiereparatur und den Besuch des Technikers warten. Wir versuchen, stets unser Bestes, um den Anforderungen und W\u00fcnschen unserer Kunden gerecht zu werden. <\/p>\n<p>[\/et_pb_accordion_item][\/et_pb_accordion][\/et_pb_column][et_pb_column type=&#8220;1_2&#8243; _builder_version=&#8220;4.16&#8243; custom_padding=&#8220;|||&#8220; global_colors_info=&#8220;{}&#8220; custom_padding__hover=&#8220;|||&#8220;][et_pb_text _builder_version=&#8220;4.16&#8243; text_font=&#8220;||||||||&#8220; header_font=&#8220;||||||||&#8220; header_2_font=&#8220;Rubik|700|||||||&#8220; header_2_font_size=&#8220;42px&#8220; header_2_line_height=&#8220;1.2em&#8220; custom_margin=&#8220;|||&#8220; custom_padding=&#8220;|||&#8220; header_2_font_size_tablet=&#8220;&#8220; header_2_font_size_phone=&#8220;36px&#8220; header_2_font_size_last_edited=&#8220;on|phone&#8220; locked=&#8220;off&#8220; global_colors_info=&#8220;{}&#8220;]<\/p>\n<h2>Finden Sie uns auf der Karte<\/h2>\n<p>[\/et_pb_text][et_pb_map address=&#8220;Jesenice 1, 350 02 Okrouhl\u00e1, \u010cesko&#8220; zoom_level=&#8220;13&#8243; address_lat=&#8220;50.0775895&#8243; address_lng=&#8220;12.4865949&#8243; _builder_version=&#8220;4.16&#8243; _module_preset=&#8220;default&#8220; height=&#8220;420px&#8220; global_colors_info=&#8220;{}&#8220;][et_pb_map_pin pin_address=&#8220;Jesenice 1, 350 02 Okrouhl\u00e1, \u010cesko&#8220; pin_address_lat=&#8220;50.0775895&#8243; pin_address_lng=&#8220;12.4865949&#8243; _builder_version=&#8220;4.14.8&#8243; _module_preset=&#8220;default&#8220; global_colors_info=&#8220;{}&#8220;][\/et_pb_map_pin][\/et_pb_map][\/et_pb_column][\/et_pb_row][\/et_pb_section]<\/p>\n","protected":false},"excerpt":{"rendered":"<p>Schreiben Sie unsKontaktinformationenJan Va\u0161\u00ed\u010dek jan.vasicek@ivp.cz +420 739 053 234Vladim\u00edr Longinov servis@ivp.cz+420 732 510 900Plze\u0148sk\u00e1 1574252 63, RoztokyFAQAuswahl der Technologie zum Pressen und dem Transport von Abfall. Ihre Eingliederung in die Abfallwirtschaft.Mobile Presscontainer, station\u00e4re Abfallpressen, Ballenpressen, Container f\u00fcr station\u00e4re Pressen und eine gro\u00dfe Auswahl an Zubeh\u00f6r. Abfallumladestationen und Sortieranlagen. Jedes Produkt kann exakt an die Anforderungen [&hellip;]<\/p>\n","protected":false},"author":1,"featured_media":0,"parent":0,"menu_order":0,"comment_status":"closed","ping_status":"closed","template":"","meta":{"_et_pb_use_builder":"on","_et_pb_old_content":"","_et_gb_content_width":"","footnotes":""},"dipi_cpt_category":[],"class_list":["post-242753","page","type-page","status-publish","hentry"],"_links":{"self":[{"href":"https:\/\/ivp.cz\/de\/wp-json\/wp\/v2\/pages\/242753","targetHints":{"allow":["GET"]}}],"collection":[{"href":"https:\/\/ivp.cz\/de\/wp-json\/wp\/v2\/pages"}],"about":[{"href":"https:\/\/ivp.cz\/de\/wp-json\/wp\/v2\/types\/page"}],"author":[{"embeddable":true,"href":"https:\/\/ivp.cz\/de\/wp-json\/wp\/v2\/users\/1"}],"replies":[{"embeddable":true,"href":"https:\/\/ivp.cz\/de\/wp-json\/wp\/v2\/comments?post=242753"}],"version-history":[{"count":3,"href":"https:\/\/ivp.cz\/de\/wp-json\/wp\/v2\/pages\/242753\/revisions"}],"predecessor-version":[{"id":243112,"href":"https:\/\/ivp.cz\/de\/wp-json\/wp\/v2\/pages\/242753\/revisions\/243112"}],"wp:attachment":[{"href":"https:\/\/ivp.cz\/de\/wp-json\/wp\/v2\/media?parent=242753"}],"wp:term":[{"taxonomy":"dipi_cpt_category","embeddable":true,"href":"https:\/\/ivp.cz\/de\/wp-json\/wp\/v2\/dipi_cpt_category?post=242753"}],"curies":[{"name":"wp","href":"https:\/\/api.w.org\/{rel}","templated":true}]}}