{"id":242677,"date":"2020-07-18T15:06:19","date_gmt":"2020-07-18T13:06:19","guid":{"rendered":"https:\/\/ivp.cz\/proteccion-de-datos-personales\/"},"modified":"2023-05-16T19:12:38","modified_gmt":"2023-05-16T17:12:38","slug":"proteccion-de-datos-personales","status":"publish","type":"page","link":"https:\/\/ivp.cz\/es\/proteccion-de-datos-personales\/","title":{"rendered":"Protecci\u00f3n de datos personales"},"content":{"rendered":"\n<p>EMPRESA <b>IVP CZ a.s. <\/b>, con sede en Plze\u0148sk\u00e1 1574 Roztoky, registrada 15799 B, Tribunal Municipal de Praga.  <\/p>\n\n<p>LOS DATOS PERSONALES SE TRATAN DE CONFORMIDAD CON EL REGLAMENTO GENERAL DE PROTECCI\u00d3N DE DATOS &#8211; REGLAMENTO (UE) 2016\/679 DEL PARLAMENTO EUROPEO Y DEL CONSEJO DE 27. 4. 2016 PROCESA DATOS PERSONALES EN ESTE SITIO WEB<\/p>\n\n<p><strong>DERECHOS DEL USUARIO EN MATERIA DE TRATAMIENTO Y PROTECCI\u00d3N DE DATOS PERSONALES<\/strong><\/p>\n\n<ul class=\"wp-block-list\">\n<li>DERECHO DE ACCESO: EL USUARIO TIENE DERECHO A SOLICITAR AL RESPONSABLE DEL TRATAMIENTO INFORMACI\u00d3N SOBRE LOS DATOS PERSONALES QUE TRATA.<\/li>\n\n\n\n<li>DERECHO A ACTUALIZAR SUS DATOS PERSONALES: EL USUARIO TIENE DERECHO A SOLICITAR AL RESPONSABLE DEL TRATAMIENTO QUE ACCEDA A SUS DATOS PERSONALES Y LOS ACTUALICE O RECTIFIQUE.<\/li>\n\n\n\n<li>DERECHO DE SUPRESI\u00d3N: EL USUARIO TIENE DERECHO A SOLICITAR AL RESPONSABLE DEL TRATAMIENTO QUE SUPRIMA LOS DATOS PERSONALES. EL ADMINISTRADOR PROCEDER\u00c1 A LA SUPRESI\u00d3N, SALVO QUE SEA CONTRARIO A LA LEGISLACI\u00d3N APLICABLE Y A LOS INTERESES LEG\u00cdTIMOS DE LA SOCIEDAD.<\/li>\n\n\n\n<li>DERECHO A LA TRANSFERENCIA DE DATOS PERSONALES.<\/li>\n<\/ul>\n\n<p>EN CASO DE DUDA SOBRE EL CUMPLIMIENTO DE LAS OBLIGACIONES RELACIONADAS CON EL TRATAMIENTO DE DATOS PERSONALES, EL USUARIO TIENE DERECHO A PONERSE EN CONTACTO CON EL RESPONSABLE DEL TRATAMIENTO O CON LA AUTORIDAD DE PROTECCI\u00d3N DE DATOS<\/p>\n","protected":false},"excerpt":{"rendered":"<p>EMPRESA IVP CZ a.s. , con sede en Plze\u0148sk\u00e1 1574 Roztoky, registrada 15799 B, Tribunal Municipal de Praga. LOS DATOS PERSONALES SE TRATAN DE CONFORMIDAD CON EL REGLAMENTO GENERAL DE PROTECCI\u00d3N DE DATOS &#8211; REGLAMENTO (UE) 2016\/679 DEL PARLAMENTO EUROPEO Y DEL CONSEJO DE 27. 4. 2016 PROCESA DATOS PERSONALES EN ESTE SITIO WEB DERECHOS [&hellip;]<\/p>\n","protected":false},"author":1,"featured_media":0,"parent":0,"menu_order":0,"comment_status":"closed","ping_status":"closed","template":"","meta":{"_et_pb_use_builder":"","_et_pb_old_content":"","_et_gb_content_width":"","footnotes":""},"dipi_cpt_category":[],"class_list":["post-242677","page","type-page","status-publish","hentry"],"_links":{"self":[{"href":"https:\/\/ivp.cz\/es\/wp-json\/wp\/v2\/pages\/242677","targetHints":{"allow":["GET"]}}],"collection":[{"href":"https:\/\/ivp.cz\/es\/wp-json\/wp\/v2\/pages"}],"about":[{"href":"https:\/\/ivp.cz\/es\/wp-json\/wp\/v2\/types\/page"}],"author":[{"embeddable":true,"href":"https:\/\/ivp.cz\/es\/wp-json\/wp\/v2\/users\/1"}],"replies":[{"embeddable":true,"href":"https:\/\/ivp.cz\/es\/wp-json\/wp\/v2\/comments?post=242677"}],"version-history":[{"count":1,"href":"https:\/\/ivp.cz\/es\/wp-json\/wp\/v2\/pages\/242677\/revisions"}],"predecessor-version":[{"id":242678,"href":"https:\/\/ivp.cz\/es\/wp-json\/wp\/v2\/pages\/242677\/revisions\/242678"}],"wp:attachment":[{"href":"https:\/\/ivp.cz\/es\/wp-json\/wp\/v2\/media?parent=242677"}],"wp:term":[{"taxonomy":"dipi_cpt_category","embeddable":true,"href":"https:\/\/ivp.cz\/es\/wp-json\/wp\/v2\/dipi_cpt_category?post=242677"}],"curies":[{"name":"wp","href":"https:\/\/api.w.org\/{rel}","templated":true}]}}