{"id":242722,"date":"2020-07-19T09:48:57","date_gmt":"2020-07-19T07:48:57","guid":{"rendered":"https:\/\/ivp.cz\/programa-de-fabricacion\/"},"modified":"2023-06-09T03:21:35","modified_gmt":"2023-06-09T01:21:35","slug":"programa-de-fabricacion","status":"publish","type":"page","link":"https:\/\/ivp.cz\/es\/programa-de-fabricacion\/","title":{"rendered":"Programa de fabricaci\u00f3n"},"content":{"rendered":"<p>[et_pb_section fb_built=\u00bb1&#8243; admin_label=\u00bbHero\u00bb _builder_version=\u00bb4.16&#8243; use_background_color_gradient=\u00bbon\u00bb background_color_gradient_type=\u00bbcircular\u00bb background_color_gradient_direction_radial=\u00bbtop left\u00bb background_color_gradient_stops=\u00bbrgba(40,40,40,0.79) 0%|rgba(40,40,40,0.86) 100%\u00bb background_color_gradient_overlays_image=\u00bbon\u00bb background_color_gradient_start=\u00bbrgba(40,40,40,0.79)\u00bb background_color_gradient_end=\u00bbrgba(40,40,40,0.86)\u00bb background_image=\u00bbhttps:\/\/ivp.cz\/wp-content\/uploads\/2022\/03\/construction-23.jpg\u00bb custom_margin=\u00bb||||false\u00bb custom_padding=\u00bb4vw||4vw||false|false\u00bb locked=\u00bboff\u00bb global_colors_info=\u00bb{}\u00bb][et_pb_row _builder_version=\u00bb4.16&#8243; global_colors_info=\u00bb{}\u00bb][et_pb_column type=\u00bb4_4&#8243; _builder_version=\u00bb4.16&#8243; custom_padding=\u00bb|||\u00bb global_colors_info=\u00bb{}\u00bb custom_padding__hover=\u00bb|||\u00bb][et_pb_text _builder_version=\u00bb4.21.0&#8243; text_font=\u00bb||||||||\u00bb header_font=\u00bbRubik|700|||||||\u00bb header_font_size=\u00bb64px\u00bb header_line_height=\u00bb1.1em\u00bb background_layout=\u00bbdark\u00bb custom_margin=\u00bb||0px|\u00bb custom_padding=\u00bb|||16px\u00bb hover_enabled=\u00bb0&#8243; text_font_size_tablet=\u00bb14px\u00bb text_font_size_last_edited=\u00bboff|desktop\u00bb header_font_size_tablet=\u00bb44px\u00bb header_font_size_phone=\u00bb32px\u00bb header_font_size_last_edited=\u00bbon|phone\u00bb border_color_all=\u00bb#ffb400&#8243; border_width_left=\u00bb10px\u00bb border_color_left=\u00bb#0C71C3&#8243; global_colors_info=\u00bb{}\u00bb sticky_enabled=\u00bb0&#8243;]<\/p>\n<h1>Programa de fabricaci\u00f3n<\/h1>\n<p>[\/et_pb_text][et_pb_text _builder_version=\u00bb4.20.4&#8243; text_font=\u00bb||||||||\u00bb text_font_size=\u00bb21px\u00bb text_line_height=\u00bb1.6em\u00bb header_font=\u00bb||||||||\u00bb background_layout=\u00bbdark\u00bb custom_margin=\u00bb|||\u00bb custom_padding=\u00bb20px||20px||true\u00bb text_font_size_tablet=\u00bb17px\u00bb text_font_size_phone=\u00bb16px\u00bb text_font_size_last_edited=\u00bbon|phone\u00bb global_colors_info=\u00bb{}\u00bb]<\/p>\n<p>El aprovechamiento de los procesos m\u00e1s modernos en la fabricaci\u00f3n y las experiencias de muchos a\u00f1os garantizan costos m\u00ednimos de adquisici\u00f3n de las tecnolog\u00edas de prensado, larga vida \u00fatil y calidad sin competencia. Gracias a la amplia gama productiva, trato individual y asesor\u00eda de calidad, somos capaces de complacer diversos deseos y requerimientos de los clientes, proponer la soluci\u00f3n m\u00e1s adecuada y atender cada solicitud.<\/p>\n<p>Somos capaces de modificar todas nuestras m\u00e1quinas de modo que se ajusten lo mejor posible a las necesidades de los clientes. Somos capaces de modificar todas nuestras m\u00e1quinas de modo que se ajusten lo mejor posible a las necesidades de los clientes. Es natural la elecci\u00f3n del color, adhesivos publicitarios y una amplia gama de accesorios. Y, por supuesto, un plazo de entrega corto.<\/p>\n<p>[\/et_pb_text][et_pb_button button_url=\u00bb#produkty\u00bb button_text=\u00bbTodos los productos\u00bb _builder_version=\u00bb4.21.0&#8243; _module_preset=\u00bbdefault\u00bb custom_button=\u00bbon\u00bb button_text_size=\u00bb15px\u00bb button_bg_color=\u00bb#0f5792&#8243; button_border_width=\u00bb0px\u00bb button_border_radius=\u00bb0px\u00bb button_letter_spacing=\u00bb4px\u00bb button_font=\u00bbPoppins Bold 700|||on|||||\u00bb button_icon=\u00bb&#x35;||divi||400&#8243; background_layout=\u00bbdark\u00bb custom_margin=\u00bb||||false|false\u00bb custom_padding=\u00bb15px|30px|15px|30px|false|false\u00bb hover_enabled=\u00bb0&#8243; global_colors_info=\u00bb{}\u00bb button_bg_color__hover_enabled=\u00bbon|hover\u00bb button_bg_color__hover=\u00bb#004191&#8243; button_bg_enable_color__hover=\u00bbon\u00bb sticky_enabled=\u00bb0&#8243;][\/et_pb_button][\/et_pb_column][\/et_pb_row][\/et_pb_section][et_pb_section fb_built=\u00bb1&#8243; admin_label=\u00bbAbout Us\u00bb module_id=\u00bbprodukty\u00bb _builder_version=\u00bb4.21.0&#8243; custom_padding=\u00bb||0px|||\u00bb hover_enabled=\u00bb0&#8243; global_colors_info=\u00bb{}\u00bb sticky_enabled=\u00bb0&#8243;][et_pb_row column_structure=\u00bb1_3,1_3,1_3&#8243; _builder_version=\u00bb4.16&#8243; global_colors_info=\u00bb{}\u00bb][et_pb_column type=\u00bb1_3&#8243; _builder_version=\u00bb4.16&#8243; custom_padding=\u00bb|||\u00bb global_colors_info=\u00bb{}\u00bb custom_padding__hover=\u00bb|||\u00bb][et_pb_blurb title=\u00bbEstaci\u00f3n de manipulaci\u00f3n AUTOM\u00c1TICA\u00bb url=\u00bbhttps:\/\/ivp.cz\/es\/project\/estacion-de-manipulacion-automatica\/\u00bb image=\u00bbhttps:\/\/ivp.cz\/wp-content\/uploads\/2023\/04\/Automaticka-prekladaci-stanice.jpg\u00bb _builder_version=\u00bb4.21.0&#8243; _module_preset=\u00bbdefault\u00bb header_text_align=\u00bbcenter\u00bb header_font_size=\u00bb20px\u00bb header_line_height=\u00bb1.7em\u00bb width=\u00bb95%\u00bb module_alignment=\u00bbcenter\u00bb hover_enabled=\u00bb0&#8243; global_colors_info=\u00bb{}\u00bb width__hover_enabled=\u00bbon|hover\u00bb width__hover=\u00bb100%\u00bb sticky_enabled=\u00bb0&#8243;][\/et_pb_blurb][\/et_pb_column][et_pb_column type=\u00bb1_3&#8243; _builder_version=\u00bb4.16&#8243; custom_padding=\u00bb|||\u00bb global_colors_info=\u00bb{}\u00bb custom_padding__hover=\u00bb|||\u00bb][et_pb_blurb title=\u00bbEstaci\u00f3n de manipulaci\u00f3n MANUAL\u00bb url=\u00bbhttps:\/\/ivp.cz\/es\/project\/estacion-de-manipulacion-manual\/\u00bb image=\u00bbhttps:\/\/ivp.cz\/wp-content\/uploads\/2023\/04\/Manualni-prekladaci-stanice.jpg\u00bb _builder_version=\u00bb4.21.0&#8243; _module_preset=\u00bbdefault\u00bb header_text_align=\u00bbcenter\u00bb header_font_size=\u00bb20px\u00bb header_line_height=\u00bb1.7em\u00bb width=\u00bb95%\u00bb module_alignment=\u00bbcenter\u00bb hover_enabled=\u00bb0&#8243; global_colors_info=\u00bb{}\u00bb width__hover_enabled=\u00bbon|hover\u00bb width__hover=\u00bb100%\u00bb sticky_enabled=\u00bb0&#8243;][\/et_pb_blurb][\/et_pb_column][et_pb_column type=\u00bb1_3&#8243; _builder_version=\u00bb4.16&#8243; custom_padding=\u00bb|||\u00bb global_colors_info=\u00bb{}\u00bb custom_padding__hover=\u00bb|||\u00bb][et_pb_blurb title=\u00bbContenedor m\u00f3vil de prensado VSK 7,5 &#8211; 12&#8243; url=\u00bbhttps:\/\/ivp.cz\/es\/project\/contenedor-movil-de-prensado-vsk-75-12\/\u00bb image=\u00bbhttps:\/\/ivp.cz\/wp-content\/uploads\/2023\/04\/Mobilni-lisovaci-kontejnery-objem-5-12-cbm.jpg\u00bb _builder_version=\u00bb4.21.0&#8243; _module_preset=\u00bbdefault\u00bb header_text_align=\u00bbcenter\u00bb header_font_size=\u00bb20px\u00bb header_line_height=\u00bb1.7em\u00bb width=\u00bb95%\u00bb module_alignment=\u00bbcenter\u00bb hover_enabled=\u00bb0&#8243; global_colors_info=\u00bb{}\u00bb width__hover_enabled=\u00bbon|hover\u00bb width__hover=\u00bb100%\u00bb sticky_enabled=\u00bb0&#8243;][\/et_pb_blurb][\/et_pb_column][\/et_pb_row][\/et_pb_section][et_pb_section fb_built=\u00bb1&#8243; admin_label=\u00bbAbout Us\u00bb module_id=\u00bbProductos\u00bb _builder_version=\u00bb4.16&#8243; custom_padding=\u00bb0px||0px|||\u00bb global_colors_info=\u00bb{}\u00bb][et_pb_row column_structure=\u00bb1_3,1_3,1_3&#8243; _builder_version=\u00bb4.16&#8243; global_colors_info=\u00bb{}\u00bb][et_pb_column type=\u00bb1_3&#8243; _builder_version=\u00bb4.16&#8243; custom_padding=\u00bb|||\u00bb global_colors_info=\u00bb{}\u00bb custom_padding__hover=\u00bb|||\u00bb][et_pb_blurb title=\u00bbContenedor m\u00f3vil de prensado VSK 16-24&#8243; url=\u00bbhttps:\/\/ivp.cz\/es\/project\/contenedor-movil-de-prensado-vsk-16-24\/\u00bb image=\u00bbhttps:\/\/ivp.cz\/wp-content\/uploads\/2023\/04\/Mobilni-lisovaci-kontejnery-objem-16-24-cbm.jpg\u00bb _builder_version=\u00bb4.21.0&#8243; _module_preset=\u00bbdefault\u00bb header_text_align=\u00bbcenter\u00bb header_font_size=\u00bb20px\u00bb header_line_height=\u00bb1.7em\u00bb width=\u00bb95%\u00bb module_alignment=\u00bbcenter\u00bb hover_enabled=\u00bb0&#8243; global_colors_info=\u00bb{}\u00bb width__hover_enabled=\u00bbon|hover\u00bb width__hover=\u00bb100%\u00bb sticky_enabled=\u00bb0&#8243;][\/et_pb_blurb][\/et_pb_column][et_pb_column type=\u00bb1_3&#8243; _builder_version=\u00bb4.16&#8243; custom_padding=\u00bb|||\u00bb global_colors_info=\u00bb{}\u00bb custom_padding__hover=\u00bb|||\u00bb][et_pb_blurb title=\u00bbContenedor m\u00f3vil de prensado VSK 16-24 PS\u00bb url=\u00bbhttps:\/\/ivp.cz\/es\/project\/contenedor-movil-de-prensado-vsk-16-24-ps\/\u00bb image=\u00bbhttps:\/\/ivp.cz\/wp-content\/uploads\/2023\/04\/Mobilni-lisovaci-kontejnery-objem-16-24-cbm-s-posuvnou-strechou.jpg\u00bb _builder_version=\u00bb4.21.0&#8243; _module_preset=\u00bbdefault\u00bb header_text_align=\u00bbcenter\u00bb header_font_size=\u00bb20px\u00bb header_line_height=\u00bb1.7em\u00bb width=\u00bb95%\u00bb module_alignment=\u00bbcenter\u00bb hover_enabled=\u00bb0&#8243; global_colors_info=\u00bb{}\u00bb width__hover_enabled=\u00bbon|hover\u00bb width__hover=\u00bb100%\u00bb sticky_enabled=\u00bb0&#8243;][\/et_pb_blurb][\/et_pb_column][et_pb_column type=\u00bb1_3&#8243; _builder_version=\u00bb4.16&#8243; custom_padding=\u00bb|||\u00bb global_colors_info=\u00bb{}\u00bb custom_padding__hover=\u00bb|||\u00bb][et_pb_blurb title=\u00bbPrensa estacionaria VSP 380&#8243; url=\u00bbhttps:\/\/ivp.cz\/es\/project\/prensa-estacionaria-vsp-380\/\u00bb image=\u00bbhttps:\/\/ivp.cz\/wp-content\/uploads\/2023\/04\/Stacionarni-lis-VSP380.jpg\u00bb _builder_version=\u00bb4.21.0&#8243; _module_preset=\u00bbdefault\u00bb header_text_align=\u00bbcenter\u00bb header_font_size=\u00bb20px\u00bb header_line_height=\u00bb1.7em\u00bb width=\u00bb95%\u00bb module_alignment=\u00bbcenter\u00bb hover_enabled=\u00bb0&#8243; global_colors_info=\u00bb{}\u00bb width__hover_enabled=\u00bbon|hover\u00bb width__hover=\u00bb100%\u00bb sticky_enabled=\u00bb0&#8243;][\/et_pb_blurb][\/et_pb_column][\/et_pb_row][\/et_pb_section][et_pb_section fb_built=\u00bb1&#8243; admin_label=\u00bbAbout Us\u00bb module_id=\u00bbProductos\u00bb _builder_version=\u00bb4.16&#8243; custom_padding=\u00bb0px||0px|||\u00bb global_colors_info=\u00bb{}\u00bb][et_pb_row column_structure=\u00bb1_3,1_3,1_3&#8243; _builder_version=\u00bb4.16&#8243; global_colors_info=\u00bb{}\u00bb][et_pb_column type=\u00bb1_3&#8243; _builder_version=\u00bb4.16&#8243; custom_padding=\u00bb|||\u00bb global_colors_info=\u00bb{}\u00bb custom_padding__hover=\u00bb|||\u00bb][et_pb_blurb title=\u00bbPrensa estacionaria VSP 380 MAX\u00bb url=\u00bbhttps:\/\/ivp.cz\/es\/project\/prensa-estacionaria-vsp-380-max\/\u00bb image=\u00bbhttps:\/\/ivp.cz\/wp-content\/uploads\/2023\/04\/Stacionarni-lis-VSP-380-MAX.jpg\u00bb _builder_version=\u00bb4.21.0&#8243; _module_preset=\u00bbdefault\u00bb header_text_align=\u00bbcenter\u00bb header_font_size=\u00bb20px\u00bb header_line_height=\u00bb1.7em\u00bb width=\u00bb95%\u00bb module_alignment=\u00bbcenter\u00bb hover_enabled=\u00bb0&#8243; global_colors_info=\u00bb{}\u00bb width__hover_enabled=\u00bbon|hover\u00bb width__hover=\u00bb100%\u00bb sticky_enabled=\u00bb0&#8243;][\/et_pb_blurb][\/et_pb_column][et_pb_column type=\u00bb1_3&#8243; _builder_version=\u00bb4.16&#8243; custom_padding=\u00bb|||\u00bb global_colors_info=\u00bb{}\u00bb custom_padding__hover=\u00bb|||\u00bb][et_pb_blurb title=\u00bbPrensa estacionaria VSP 45 \u00bb url=\u00bbhttps:\/\/ivp.cz\/es\/project\/prensa-estacionaria-vsp-45\/\u00bb image=\u00bbhttps:\/\/ivp.cz\/wp-content\/uploads\/2023\/04\/Stacionarni-lis-VSP-45.jpg\u00bb _builder_version=\u00bb4.21.0&#8243; _module_preset=\u00bbdefault\u00bb header_text_align=\u00bbcenter\u00bb header_font_size=\u00bb20px\u00bb header_line_height=\u00bb1.7em\u00bb width=\u00bb95%\u00bb module_alignment=\u00bbcenter\u00bb hover_enabled=\u00bb0&#8243; global_colors_info=\u00bb{}\u00bb width__hover_enabled=\u00bbon|hover\u00bb width__hover=\u00bb100%\u00bb sticky_enabled=\u00bb0&#8243;][\/et_pb_blurb][\/et_pb_column][et_pb_column type=\u00bb1_3&#8243; _builder_version=\u00bb4.16&#8243; custom_padding=\u00bb|||\u00bb global_colors_info=\u00bb{}\u00bb custom_padding__hover=\u00bb|||\u00bb][et_pb_blurb title=\u00bbPrensa estacionariaVSP 45 MAXIM \u00bb url=\u00bbhttps:\/\/ivp.cz\/es\/project\/prensa-estacionaria-vsp-45-maxim\/\u00bb image=\u00bbhttps:\/\/ivp.cz\/wp-content\/uploads\/2023\/04\/Stacionarni-lis-VSP-45-MAX.jpg\u00bb _builder_version=\u00bb4.21.0&#8243; _module_preset=\u00bbdefault\u00bb header_text_align=\u00bbcenter\u00bb header_font_size=\u00bb20px\u00bb header_line_height=\u00bb1.7em\u00bb width=\u00bb95%\u00bb module_alignment=\u00bbcenter\u00bb hover_enabled=\u00bb0&#8243; global_colors_info=\u00bb{}\u00bb width__hover_enabled=\u00bbon|hover\u00bb width__hover=\u00bb100%\u00bb sticky_enabled=\u00bb0&#8243;][\/et_pb_blurb][\/et_pb_column][\/et_pb_row][\/et_pb_section][et_pb_section fb_built=\u00bb1&#8243; admin_label=\u00bbAbout Us\u00bb module_id=\u00bbProductos\u00bb _builder_version=\u00bb4.16&#8243; custom_padding=\u00bb0px||0px|||\u00bb global_colors_info=\u00bb{}\u00bb][et_pb_row column_structure=\u00bb1_3,1_3,1_3&#8243; _builder_version=\u00bb4.16&#8243; global_colors_info=\u00bb{}\u00bb][et_pb_column type=\u00bb1_3&#8243; _builder_version=\u00bb4.16&#8243; custom_padding=\u00bb|||\u00bb global_colors_info=\u00bb{}\u00bb custom_padding__hover=\u00bb|||\u00bb][et_pb_blurb title=\u00bbPrensa estacionaria VSP 45 S\u00bb url=\u00bbhttps:\/\/ivp.cz\/es\/project\/prensa-estacionaria-vsp-45-s\/\u00bb image=\u00bbhttps:\/\/ivp.cz\/wp-content\/uploads\/2023\/04\/Stacionarni-lis-VSP-45-S.jpg\u00bb _builder_version=\u00bb4.21.0&#8243; _module_preset=\u00bbdefault\u00bb header_text_align=\u00bbcenter\u00bb header_font_size=\u00bb20px\u00bb header_line_height=\u00bb1.7em\u00bb width=\u00bb95%\u00bb module_alignment=\u00bbcenter\u00bb hover_enabled=\u00bb0&#8243; global_colors_info=\u00bb{}\u00bb width__hover_enabled=\u00bbon|hover\u00bb width__hover=\u00bb100%\u00bb sticky_enabled=\u00bb0&#8243;][\/et_pb_blurb][\/et_pb_column][et_pb_column type=\u00bb1_3&#8243; _builder_version=\u00bb4.16&#8243; custom_padding=\u00bb|||\u00bb global_colors_info=\u00bb{}\u00bb custom_padding__hover=\u00bb|||\u00bb][et_pb_blurb title=\u00bbPrensa estacionaria VSP 70&#8243; url=\u00bbhttps:\/\/ivp.cz\/es\/project\/prensa-estacionaria-vsp-70\/\u00bb image=\u00bbhttps:\/\/ivp.cz\/wp-content\/uploads\/2023\/04\/Stacionarni-lis-VSP-70.jpg\u00bb _builder_version=\u00bb4.21.0&#8243; _module_preset=\u00bbdefault\u00bb header_text_align=\u00bbcenter\u00bb header_font_size=\u00bb20px\u00bb header_line_height=\u00bb1.7em\u00bb width=\u00bb95%\u00bb module_alignment=\u00bbcenter\u00bb hover_enabled=\u00bb0&#8243; global_colors_info=\u00bb{}\u00bb width__hover_enabled=\u00bbon|hover\u00bb width__hover=\u00bb100%\u00bb sticky_enabled=\u00bb0&#8243;][\/et_pb_blurb][\/et_pb_column][et_pb_column type=\u00bb1_3&#8243; _builder_version=\u00bb4.16&#8243; custom_padding=\u00bb|||\u00bb global_colors_info=\u00bb{}\u00bb custom_padding__hover=\u00bb|||\u00bb][et_pb_blurb title=\u00bbContenedores VRK\u00bb url=\u00bbhttps:\/\/ivp.cz\/es\/project\/contenedores-vrk\/\u00bb image=\u00bbhttps:\/\/ivp.cz\/wp-content\/uploads\/2023\/04\/Pripojne-kontejnery-VRK-k-stacionarnim-lisum.jpg\u00bb _builder_version=\u00bb4.21.0&#8243; _module_preset=\u00bbdefault\u00bb header_text_align=\u00bbcenter\u00bb header_font_size=\u00bb20px\u00bb header_line_height=\u00bb1.7em\u00bb width=\u00bb95%\u00bb module_alignment=\u00bbcenter\u00bb hover_enabled=\u00bb0&#8243; global_colors_info=\u00bb{}\u00bb width__hover_enabled=\u00bbon|hover\u00bb width__hover=\u00bb100%\u00bb sticky_enabled=\u00bb0&#8243;][\/et_pb_blurb][\/et_pb_column][\/et_pb_row][\/et_pb_section][et_pb_section fb_built=\u00bb1&#8243; admin_label=\u00bbAbout Us\u00bb module_id=\u00bbProductos\u00bb _builder_version=\u00bb4.16&#8243; custom_padding=\u00bb0px||0px|||\u00bb global_colors_info=\u00bb{}\u00bb][et_pb_row column_structure=\u00bb1_3,1_3,1_3&#8243; _builder_version=\u00bb4.16&#8243; global_colors_info=\u00bb{}\u00bb][et_pb_column type=\u00bb1_3&#8243; _builder_version=\u00bb4.16&#8243; custom_padding=\u00bb|||\u00bb global_colors_info=\u00bb{}\u00bb custom_padding__hover=\u00bb|||\u00bb][et_pb_blurb title=\u00bbPrensa empacadora VPL K1 &#8211; K2&#8243; url=\u00bbhttps:\/\/ivp.cz\/es\/project\/prensa-empacadora-vpl-k1-k2\/\u00bb image=\u00bbhttps:\/\/ivp.cz\/wp-content\/uploads\/2023\/04\/Paketovaci-lis-VPL-K1-a-VPL-K2.jpg\u00bb _builder_version=\u00bb4.21.0&#8243; _module_preset=\u00bbdefault\u00bb header_text_align=\u00bbcenter\u00bb header_font_size=\u00bb20px\u00bb header_line_height=\u00bb1.7em\u00bb width=\u00bb95%\u00bb module_alignment=\u00bbcenter\u00bb hover_enabled=\u00bb0&#8243; global_colors_info=\u00bb{}\u00bb width__hover_enabled=\u00bbon|hover\u00bb width__hover=\u00bb100%\u00bb sticky_enabled=\u00bb0&#8243;][\/et_pb_blurb][\/et_pb_column][et_pb_column type=\u00bb1_3&#8243; _builder_version=\u00bb4.16&#8243; custom_padding=\u00bb|||\u00bb global_colors_info=\u00bb{}\u00bb custom_padding__hover=\u00bb|||\u00bb][et_pb_blurb title=\u00bbSoluciones integrales y accesorios\u00bb url=\u00bbhttps:\/\/ivp.cz\/es\/project\/solucion-compleja-y-accesorios\/\u00bb image=\u00bbhttps:\/\/ivp.cz\/wp-content\/uploads\/2023\/04\/Komplexni-reseni-a-prislusenstvi.jpg\u00bb _builder_version=\u00bb4.21.0&#8243; _module_preset=\u00bbdefault\u00bb header_text_align=\u00bbcenter\u00bb header_font_size=\u00bb20px\u00bb header_line_height=\u00bb1.7em\u00bb width=\u00bb95%\u00bb module_alignment=\u00bbcenter\u00bb hover_enabled=\u00bb0&#8243; global_colors_info=\u00bb{}\u00bb width__hover_enabled=\u00bbon|hover\u00bb width__hover=\u00bb100%\u00bb sticky_enabled=\u00bb0&#8243;][\/et_pb_blurb][\/et_pb_column][et_pb_column type=\u00bb1_3&#8243; _builder_version=\u00bb4.16&#8243; custom_padding=\u00bb|||\u00bb global_colors_info=\u00bb{}\u00bb custom_padding__hover=\u00bb|||\u00bb][et_pb_blurb title=\u00bbContenedor m\u00f3vil de prensado VSK VBN\u00bb url=\u00bbhttps:\/\/ivp.cz\/es\/project\/contenedor-movil-de-prensado-vsk-vbn\/\u00bb image=\u00bbhttps:\/\/ivp.cz\/wp-content\/uploads\/2023\/04\/Mobilni-lisovaci-kontejner-VSK-20-VBN.jpg\u00bb _builder_version=\u00bb4.21.0&#8243; _module_preset=\u00bbdefault\u00bb header_text_align=\u00bbcenter\u00bb header_font_size=\u00bb20px\u00bb header_line_height=\u00bb1.7em\u00bb width=\u00bb95%\u00bb module_alignment=\u00bbcenter\u00bb hover_enabled=\u00bb0&#8243; global_colors_info=\u00bb{}\u00bb width__hover_enabled=\u00bbon|hover\u00bb width__hover=\u00bb100%\u00bb sticky_enabled=\u00bb0&#8243;][\/et_pb_blurb][\/et_pb_column][\/et_pb_row][\/et_pb_section][et_pb_section fb_built=\u00bb1&#8243; admin_label=\u00bbAbout Us\u00bb module_id=\u00bbProductos\u00bb _builder_version=\u00bb4.16&#8243; custom_padding=\u00bb0px||0px|||\u00bb global_colors_info=\u00bb{}\u00bb][et_pb_row column_structure=\u00bb1_3,1_3,1_3&#8243; _builder_version=\u00bb4.16&#8243; global_colors_info=\u00bb{}\u00bb][et_pb_column type=\u00bb1_3&#8243; _builder_version=\u00bb4.16&#8243; custom_padding=\u00bb|||\u00bb global_colors_info=\u00bb{}\u00bb custom_padding__hover=\u00bb|||\u00bb][\/et_pb_column][et_pb_column type=\u00bb1_3&#8243; _builder_version=\u00bb4.16&#8243; custom_padding=\u00bb|||\u00bb global_colors_info=\u00bb{}\u00bb custom_padding__hover=\u00bb|||\u00bb][et_pb_blurb title=\u00bbVolcador universal MNS 80-1100&#8243; url=\u00bbhttps:\/\/ivp.cz\/es\/project\/volcador-universal-mns-80-1100\/\u00bb image=\u00bbhttps:\/\/ivp.cz\/wp-content\/uploads\/2023\/04\/Univerzalni-vyklapec-MNS-80-1100.jpg\u00bb _builder_version=\u00bb4.21.0&#8243; _module_preset=\u00bbdefault\u00bb header_text_align=\u00bbcenter\u00bb header_font_size=\u00bb20px\u00bb header_line_height=\u00bb1.7em\u00bb width=\u00bb95%\u00bb module_alignment=\u00bbcenter\u00bb hover_enabled=\u00bb0&#8243; global_colors_info=\u00bb{}\u00bb width__hover_enabled=\u00bbon|hover\u00bb width__hover=\u00bb100%\u00bb sticky_enabled=\u00bb0&#8243;][\/et_pb_blurb][\/et_pb_column][et_pb_column type=\u00bb1_3&#8243; _builder_version=\u00bb4.16&#8243; custom_padding=\u00bb|||\u00bb global_colors_info=\u00bb{}\u00bb custom_padding__hover=\u00bb|||\u00bb][\/et_pb_column][\/et_pb_row][\/et_pb_section]<\/p>\n","protected":false},"excerpt":{"rendered":"<p>Programa de fabricaci\u00f3nEl aprovechamiento de los procesos m\u00e1s modernos en la fabricaci\u00f3n y las experiencias de muchos a\u00f1os garantizan costos m\u00ednimos de adquisici\u00f3n de las tecnolog\u00edas de prensado, larga vida \u00fatil y calidad sin competencia. Gracias a la amplia gama productiva, trato individual y asesor\u00eda de calidad, somos capaces de complacer diversos deseos y requerimientos [&hellip;]<\/p>\n","protected":false},"author":1,"featured_media":0,"parent":0,"menu_order":0,"comment_status":"closed","ping_status":"closed","template":"","meta":{"_et_pb_use_builder":"on","_et_pb_old_content":"","_et_gb_content_width":"","footnotes":""},"dipi_cpt_category":[],"class_list":["post-242722","page","type-page","status-publish","hentry"],"_links":{"self":[{"href":"https:\/\/ivp.cz\/es\/wp-json\/wp\/v2\/pages\/242722","targetHints":{"allow":["GET"]}}],"collection":[{"href":"https:\/\/ivp.cz\/es\/wp-json\/wp\/v2\/pages"}],"about":[{"href":"https:\/\/ivp.cz\/es\/wp-json\/wp\/v2\/types\/page"}],"author":[{"embeddable":true,"href":"https:\/\/ivp.cz\/es\/wp-json\/wp\/v2\/users\/1"}],"replies":[{"embeddable":true,"href":"https:\/\/ivp.cz\/es\/wp-json\/wp\/v2\/comments?post=242722"}],"version-history":[{"count":6,"href":"https:\/\/ivp.cz\/es\/wp-json\/wp\/v2\/pages\/242722\/revisions"}],"predecessor-version":[{"id":243164,"href":"https:\/\/ivp.cz\/es\/wp-json\/wp\/v2\/pages\/242722\/revisions\/243164"}],"wp:attachment":[{"href":"https:\/\/ivp.cz\/es\/wp-json\/wp\/v2\/media?parent=242722"}],"wp:term":[{"taxonomy":"dipi_cpt_category","embeddable":true,"href":"https:\/\/ivp.cz\/es\/wp-json\/wp\/v2\/dipi_cpt_category?post=242722"}],"curies":[{"name":"wp","href":"https:\/\/api.w.org\/{rel}","templated":true}]}}